{"id":913,"date":"2019-02-21T16:12:21","date_gmt":"2019-02-21T19:12:21","guid":{"rendered":"https:\/\/hermanoseptimio-ers.infd.edu.ar\/sitio\/?page_id=913"},"modified":"2020-03-26T07:06:30","modified_gmt":"2020-03-26T10:06:30","slug":"campus-virtual","status":"publish","type":"page","link":"https:\/\/hermanoseptimio-ers.infd.edu.ar\/sitio\/campus-virtual\/","title":{"rendered":"Campus virtual"},"content":{"rendered":"<div  class=\"lgc-column lgc-grid-parent lgc-grid-50 lgc-tablet-grid-50 lgc-mobile-grid-100 lgc-equal-heights \"><div  class=\"inside-grid-column\">\n<p>&nbsp;<\/p>\n<p><a href=\"https:\/\/hermanoseptimio-ers.infd.edu.ar\/aula\/escritorio.cgi\" target=\"_blank\" rel=\"noopener\"><img decoding=\"async\" loading=\"lazy\" class=\"aligncenter wp-image-982\" src=\"https:\/\/hermanoseptimio-ers.infd.edu.ar\/sitio\/wp-content\/uploads\/2019\/05\/CATALOGO-de-ofertas-1.png\" alt=\"\" width=\"400\" height=\"333\" \/><\/a><\/p>\n<p>&nbsp;<\/p>\n<p><\/p><\/div><\/div>\n<div  class=\"lgc-column lgc-grid-parent lgc-grid-50 lgc-tablet-grid-50 lgc-mobile-grid-100 lgc-equal-heights \"><div  class=\"inside-grid-column\">\n<p>&nbsp;<\/p>\n<p><figure id=\"attachment_976\" aria-describedby=\"caption-attachment-976\" style=\"width: 390px\" class=\"wp-caption aligncenter\"><img decoding=\"async\" loading=\"lazy\" class=\"wp-image-976\" src=\"https:\/\/hermanoseptimio-ers.infd.edu.ar\/sitio\/wp-content\/uploads\/2019\/05\/CATALOGO-de-ofertas.png\" alt=\"\" width=\"400\" height=\"333\" \/><figcaption id=\"caption-attachment-976\" class=\"wp-caption-text\">Ustedes podr\u00e1 acceder a las aulas virtuales de las materias que se inscribi\u00f3 previamente. La habilitaci\u00f3n del acceso a las mismas, se le informara mediante un correo electr\u00f3nico.<\/figcaption><\/figure><\/p>\n<p>&nbsp;<\/p>\n<p><\/p><\/div><\/div>\n<p>Por cualquier inconveniente, por favor comunicarse con la administradora del Campus Virtual:<\/p>\n<p><strong>Lic. Paola Martino<\/strong><\/p>\n<p><strong>pao-martino@hotmail.com<\/strong><\/p>\n<p>&nbsp;<\/p>\n","protected":false},"excerpt":{"rendered":"<p>Por cualquier inconveniente, por favor comunicarse con la administradora del Campus Virtual: Lic. Paola Martino pao-martino@hotmail.com &nbsp;<\/p>\n","protected":false},"author":12,"featured_media":0,"parent":0,"menu_order":0,"comment_status":"closed","ping_status":"closed","template":"","meta":[],"acf":[],"_links":{"self":[{"href":"https:\/\/hermanoseptimio-ers.infd.edu.ar\/sitio\/wp-json\/wp\/v2\/pages\/913"}],"collection":[{"href":"https:\/\/hermanoseptimio-ers.infd.edu.ar\/sitio\/wp-json\/wp\/v2\/pages"}],"about":[{"href":"https:\/\/hermanoseptimio-ers.infd.edu.ar\/sitio\/wp-json\/wp\/v2\/types\/page"}],"author":[{"embeddable":true,"href":"https:\/\/hermanoseptimio-ers.infd.edu.ar\/sitio\/wp-json\/wp\/v2\/users\/12"}],"replies":[{"embeddable":true,"href":"https:\/\/hermanoseptimio-ers.infd.edu.ar\/sitio\/wp-json\/wp\/v2\/comments?post=913"}],"version-history":[{"count":45,"href":"https:\/\/hermanoseptimio-ers.infd.edu.ar\/sitio\/wp-json\/wp\/v2\/pages\/913\/revisions"}],"predecessor-version":[{"id":1505,"href":"https:\/\/hermanoseptimio-ers.infd.edu.ar\/sitio\/wp-json\/wp\/v2\/pages\/913\/revisions\/1505"}],"wp:attachment":[{"href":"https:\/\/hermanoseptimio-ers.infd.edu.ar\/sitio\/wp-json\/wp\/v2\/media?parent=913"}],"curies":[{"name":"wp","href":"https:\/\/api.w.org\/{rel}","templated":true}]}}