{"id":3969,"date":"2024-12-10T08:10:52","date_gmt":"2024-12-10T11:10:52","guid":{"rendered":"https:\/\/hermanoseptimio-ers.infd.edu.ar\/sitio\/?page_id=3969"},"modified":"2025-12-16T12:27:56","modified_gmt":"2025-12-16T15:27:56","slug":"mesas-examenes","status":"publish","type":"page","link":"https:\/\/hermanoseptimio-ers.infd.edu.ar\/sitio\/mesas-examenes\/","title":{"rendered":"Mesas ex\u00e1menes Profesorado de Educaci\u00f3n Inicial"},"content":{"rendered":"\n<h2 class=\"wp-block-heading\"><\/h2>\n\n\n\n<p><\/p>\n\n\n\n<p><strong><a href=\"https:\/\/forms.gle\/ZHCHiQm6UGMhCU6f6\">PRIMER LLAMADO (inscribir)<\/a><\/strong><\/p>\n\n\n\n<p><\/p>\n\n\n\n<p><strong><a href=\"https:\/\/forms.gle\/3hWAt1GK7xVVEj3k9\">SEGUNDO LLAMADO (inscribir)<\/a><\/strong><\/p>\n\n\n\n<figure class=\"wp-block-image\"><img decoding=\"async\" loading=\"lazy\" width=\"1000\" height=\"8\" src=\"https:\/\/hermanoseptimio-ers.infd.edu.ar\/sitio\/wp-content\/uploads\/2021\/10\/LINEA-1000x8.png\" alt=\"\" class=\"wp-image-2916\" srcset=\"https:\/\/hermanoseptimio-ers.infd.edu.ar\/sitio\/wp-content\/uploads\/2021\/10\/LINEA-1000x8.png 1000w, https:\/\/hermanoseptimio-ers.infd.edu.ar\/sitio\/wp-content\/uploads\/2021\/10\/LINEA-768x6.png 768w, https:\/\/hermanoseptimio-ers.infd.edu.ar\/sitio\/wp-content\/uploads\/2021\/10\/LINEA.png 1360w\" sizes=\"(max-width: 1000px) 100vw, 1000px\" \/><\/figure>\n\n\n\n<h2 class=\"wp-block-heading\">ATENCI\u00d3N:<\/h2>\n\n\n\n<ul>\n<li>Deber\u00e1 completar los formularios en su totalidad, tantas veces como espacios curriculares desee rendir.<\/li>\n\n\n\n<li>Recibir\u00e1 un correo electr\u00f3nico con la confirmaci\u00f3n de la inscripci\u00f3n (corroborar tambi\u00e9n en correo Spam o No deseado).<\/li>\n\n\n\n<li>POR FAVOR corroborar en dicho correo electr\u00f3nico que los datos de la inscripci\u00f3n est\u00e9n correctos.<\/li>\n\n\n\n<li>Solo durante los d\u00edas&nbsp;<strong>de inscripci\u00f3n y un d\u00eda posterior&nbsp;<\/strong>usted podr\u00e1 realizar cambios o solicitar la baja de la inscripci\u00f3n, accediendo al formulario desde el correo electr\u00f3nico de confirmaci\u00f3n.<\/li>\n<\/ul>\n","protected":false},"excerpt":{"rendered":"<p>PRIMER LLAMADO (inscribir) SEGUNDO LLAMADO (inscribir) ATENCI\u00d3N:<\/p>\n","protected":false},"author":12,"featured_media":0,"parent":0,"menu_order":0,"comment_status":"closed","ping_status":"closed","template":"","meta":[],"acf":[],"_links":{"self":[{"href":"https:\/\/hermanoseptimio-ers.infd.edu.ar\/sitio\/wp-json\/wp\/v2\/pages\/3969"}],"collection":[{"href":"https:\/\/hermanoseptimio-ers.infd.edu.ar\/sitio\/wp-json\/wp\/v2\/pages"}],"about":[{"href":"https:\/\/hermanoseptimio-ers.infd.edu.ar\/sitio\/wp-json\/wp\/v2\/types\/page"}],"author":[{"embeddable":true,"href":"https:\/\/hermanoseptimio-ers.infd.edu.ar\/sitio\/wp-json\/wp\/v2\/users\/12"}],"replies":[{"embeddable":true,"href":"https:\/\/hermanoseptimio-ers.infd.edu.ar\/sitio\/wp-json\/wp\/v2\/comments?post=3969"}],"version-history":[{"count":9,"href":"https:\/\/hermanoseptimio-ers.infd.edu.ar\/sitio\/wp-json\/wp\/v2\/pages\/3969\/revisions"}],"predecessor-version":[{"id":4204,"href":"https:\/\/hermanoseptimio-ers.infd.edu.ar\/sitio\/wp-json\/wp\/v2\/pages\/3969\/revisions\/4204"}],"wp:attachment":[{"href":"https:\/\/hermanoseptimio-ers.infd.edu.ar\/sitio\/wp-json\/wp\/v2\/media?parent=3969"}],"curies":[{"name":"wp","href":"https:\/\/api.w.org\/{rel}","templated":true}]}}