{"id":3957,"date":"2024-11-26T11:27:09","date_gmt":"2024-11-26T14:27:09","guid":{"rendered":"https:\/\/hermanoseptimio-ers.infd.edu.ar\/sitio\/?page_id=3957"},"modified":"2025-12-17T10:14:54","modified_gmt":"2025-12-17T13:14:54","slug":"bases-y-condiciones","status":"publish","type":"page","link":"https:\/\/hermanoseptimio-ers.infd.edu.ar\/sitio\/bases-y-condiciones\/","title":{"rendered":"Bases y condiciones"},"content":{"rendered":"\n<p>Para postularse a la beca al m\u00e9rito acad\u00e9mico &#8211; Ingresantes 2026<\/p>\n\n\n\n<p><strong><u>B<strong><u>eca al M\u00c9RITO acad\u00e9mico 2026<\/u><\/strong><\/u><\/strong><\/p>\n\n\n\n<p><em><em>\u2018El <strong>M\u00c9RITO<\/strong> es un valor que, aunque no sea posible medirlo, enfatiza la virtud del <strong>ESFUERZO<\/strong>. Y en el lenguaje de la calle significa ganarse lo que uno quiere y necesita.\u2019<\/em><\/em><\/p>\n\n\n\n<p class=\"has-text-align-right\"><em>Manuel Alvarado Ledesma<\/em><\/p>\n\n\n\n<p><\/p>\n\n\n\n<p><u><strong>Destinatarios<\/strong>:<\/u> Alumnos de 1er a\u00f1o del Profesorado de Educaci\u00f3n Inicial del Instituto de Profesorado <em>Hermano Septimio.<\/em><\/p>\n\n\n\n<p><u><strong>Cantidad<\/strong><\/u><strong><u>:<\/u><\/strong> Se otorgar\u00e1n, como m\u00e1ximo, 5 becas (no incluye la matr\u00edcula, solo las 10 cuotas mensuales)<a id=\"_ftnref1\" href=\"#_ftn1\">[1]<\/a>:<\/p>\n\n\n\n<ul>\n<li>2 del 50% de descuento <a href=\"#_ftn2\" id=\"_ftnref2\">[2]<\/a>;<\/li>\n\n\n\n<li>3 del 25% de descuento<\/li>\n<\/ul>\n\n\n\n<p><u><strong>Requisitos para postula<\/strong>rse<a id=\"_ftnref3\" href=\"#_ftn3\"><u>[3]<\/u><\/a><\/u><\/p>\n\n\n\n<ol type=\"1\">\n<li>Haber egresado recientemente de escuelas secundarias (p\u00fablicas o privadas). Por ejemplo: para el ciclo lectivo 2026, podr\u00e1n postularse egresados 2025.<\/li>\n\n\n\n<li>Los aspirantes no deben haber repetido de a\u00f1o durante su trayecto en el nivel secundario.<\/li>\n\n\n\n<li>El promedio general de toda la educaci\u00f3n secundaria del aspirante debe ser igual o superior a 8 (ocho). Tambi\u00e9n se tendr\u00e1n en cuenta las modificaciones en las escalas en el caso del a\u00f1o 2020.<\/li>\n\n\n\n<li>Adjuntar documentaci\u00f3n fehaciente que acredite el promedio declarado (anal\u00edtico\/constancia\/certificaci\u00f3n original firmada por el\/los directivo\/s de la escuela secundaria que la emite).<\/li>\n\n\n\n<li>Carta de recomendaci\u00f3n emitida por la escuela secundaria de donde proviene.<\/li>\n<\/ol>\n\n\n\n<p><strong><u>Consideraciones generales<\/u><\/strong><\/p>\n\n\n\n<ol type=\"1\">\n<li>Esta beca no es incompatible con otros programas de beneficios municipales, provinciales o nacionales (Inaubepro, Progresar, etc.).<\/li>\n\n\n\n<li>La percepci\u00f3n del beneficio implica un sistema de contraprestaciones ineludible.<a href=\"#_ftn4\" id=\"_ftnref4\">[4]<\/a><\/li>\n\n\n\n<li>Este programa de becas est\u00e1 sujeto a la posibilidad de renovaci\u00f3n para el siguiente ciclo lectivo siempre que se cumplan los requisitos necesarios.<a href=\"#_ftn5\" id=\"_ftnref5\">[5]<\/a><\/li>\n\n\n\n<li>El criterio de otorgamiento de las becas ser\u00e1 el siguiente: las dos del 50% a los dos mejores promedios; las tres del 25%, a los tres siguientes mejores promedios.<\/li>\n\n\n\n<li>En caso de empate, se pondr\u00e1n los casos a consideraci\u00f3n del Consejo Consultivo y podr\u00e1 solicitarse documentaci\u00f3n complementaria.<\/li>\n<\/ol>\n\n\n\n<p><strong><u>Requisitos de renovaci\u00f3n (a partir de 2027)<\/u><\/strong><\/p>\n\n\n\n<ol type=\"1\">\n<li>Haber aprobado la mitad m\u00e1s una de las materias al finalizar el a\u00f1o acad\u00e9mico y tener regularizadas aquellas que no se lograron aprobar.<\/li>\n\n\n\n<li>Mantener un promedio general igual o superior a 8 (ocho).<\/li>\n\n\n\n<li>No haber recibido sanciones ni llamados de atenci\u00f3n.<\/li>\n\n\n\n<li>No recursar materias.<\/li>\n\n\n\n<li>No registrar materias pendientes de aprobaci\u00f3n que se hayan cursado dos a\u00f1os antes. Por ejemplo, para renovar la beca en el 3er a\u00f1o de la carrera, no deben adeudarse materias de 1er a\u00f1o.<\/li>\n\n\n\n<li>Estar al d\u00eda con las cuotas mensuales, la re matriculaci\u00f3n de cada a\u00f1o y haber cumplimentado con los pagos entre el 1 y el 10 de cada mes.<\/li>\n\n\n\n<li>Haber cumplido con las contraprestaciones a las que fuera convocada por la instituci\u00f3n.<\/li>\n<\/ol>\n\n\n\n<hr class=\"wp-block-separator has-alpha-channel-opacity\"\/>\n\n\n\n<p><a href=\"#_ftnref1\" id=\"_ftn1\">[1]<\/a>La cantidad de becas a otorgar a\u00f1o a a\u00f1o, estar\u00e1 sujeta a las condiciones econ\u00f3micas y financieras de la instituci\u00f3n.<\/p>\n\n\n\n<p><a href=\"#_ftnref2\" id=\"_ftn2\">[2]<\/a>El porcentaje de descuento se aplica sobre el monto de la cuota mensual correspondiente a lo curricular (con o sin actualizaciones) que incluye un descuento generalizado del 50%. Queda excluido del beneficio, el valor correspondiente al seguro escolar. Ejemplo: el valor actual de la cuota mensual es de $38.000; $10.000 corresponden al seguro escolar. Por lo tanto, el descuento se aplica sobre $28.000. Una beca del 50% implica el pago mensual de $14.000.<\/p>\n\n\n\n<p><a href=\"#_ftnref3\" id=\"_ftn3\">[3]<\/a>Se recibir\u00e1n solicitudes desde el 01\/02\/2026 hasta el 28\/02\/2026.<\/p>\n\n\n\n<p><a href=\"#_ftnref4\" id=\"_ftn4\">[4]<\/a>Quienes accedan a las becas, tendr\u00e1n que cumplir con aquellas actividades a las que sean convocadas por la instituci\u00f3n. Por ejemplo, acompa\u00f1ar el stand en la Feria de las Carreras, colaborar como anfitrionas en actos y eventos de esta instituci\u00f3n o de las instituciones hermanas, entre otras.<a><\/a><\/p>\n\n\n\n<p><a href=\"#_ftnref5\" id=\"_ftn5\">[5]<\/a> A partir del segundo a\u00f1o, todas las becas ser\u00e1n del 25% de descuento.<\/p>\n","protected":false},"excerpt":{"rendered":"<p>Para postularse a la beca al m\u00e9rito acad\u00e9mico &#8211; Ingresantes 2026 Beca al M\u00c9RITO acad\u00e9mico 2026 \u2018El M\u00c9RITO es un valor que, aunque no sea posible medirlo, enfatiza la virtud del ESFUERZO. Y en el lenguaje de la calle significa ganarse lo que uno quiere y necesita.\u2019 Manuel Alvarado Ledesma Destinatarios: Alumnos de 1er a\u00f1o &#8230; <a title=\"Bases y condiciones\" class=\"read-more\" href=\"https:\/\/hermanoseptimio-ers.infd.edu.ar\/sitio\/bases-y-condiciones\/\" aria-label=\"More on Bases y condiciones\">[+]<\/a><\/p>\n","protected":false},"author":12,"featured_media":0,"parent":0,"menu_order":0,"comment_status":"closed","ping_status":"closed","template":"","meta":[],"acf":[],"_links":{"self":[{"href":"https:\/\/hermanoseptimio-ers.infd.edu.ar\/sitio\/wp-json\/wp\/v2\/pages\/3957"}],"collection":[{"href":"https:\/\/hermanoseptimio-ers.infd.edu.ar\/sitio\/wp-json\/wp\/v2\/pages"}],"about":[{"href":"https:\/\/hermanoseptimio-ers.infd.edu.ar\/sitio\/wp-json\/wp\/v2\/types\/page"}],"author":[{"embeddable":true,"href":"https:\/\/hermanoseptimio-ers.infd.edu.ar\/sitio\/wp-json\/wp\/v2\/users\/12"}],"replies":[{"embeddable":true,"href":"https:\/\/hermanoseptimio-ers.infd.edu.ar\/sitio\/wp-json\/wp\/v2\/comments?post=3957"}],"version-history":[{"count":3,"href":"https:\/\/hermanoseptimio-ers.infd.edu.ar\/sitio\/wp-json\/wp\/v2\/pages\/3957\/revisions"}],"predecessor-version":[{"id":4207,"href":"https:\/\/hermanoseptimio-ers.infd.edu.ar\/sitio\/wp-json\/wp\/v2\/pages\/3957\/revisions\/4207"}],"wp:attachment":[{"href":"https:\/\/hermanoseptimio-ers.infd.edu.ar\/sitio\/wp-json\/wp\/v2\/media?parent=3957"}],"curies":[{"name":"wp","href":"https:\/\/api.w.org\/{rel}","templated":true}]}}