{"id":3236,"date":"2022-04-20T15:11:26","date_gmt":"2022-04-20T18:11:26","guid":{"rendered":"https:\/\/hermanoseptimio-ers.infd.edu.ar\/sitio\/?page_id=3236"},"modified":"2026-04-27T14:04:29","modified_gmt":"2026-04-27T17:04:29","slug":"mesas-de-examenes-extraordinarias","status":"publish","type":"page","link":"https:\/\/hermanoseptimio-ers.infd.edu.ar\/sitio\/mesas-de-examenes-extraordinarias\/","title":{"rendered":"Inscripci\u00f3n (E)"},"content":{"rendered":"\n<h1 class=\"wp-block-heading\">MAYO 2026<\/h1>\n\n\n\n<h1 class=\"wp-block-heading\"><\/h1>\n\n\n\n<h2 class=\"wp-block-heading\">Inscripciones disponibles los d\u00edas:<\/h2>\n\n\n\n<ul>\n<li>27 al 29 de Mayo<strong> desde <b>este sitio web<\/b><\/strong><\/li>\n\n\n\n<li><em>VER FECHAS Y HORARIOS<\/em> (ser\u00e1n publicados luego de cerrado el per\u00edodo de inscripci\u00f3n) <\/li>\n<\/ul>\n\n\n\n<h2 class=\"wp-block-heading\"><img decoding=\"async\" loading=\"lazy\" src=\"https:\/\/hermanoseptimio-ers.infd.edu.ar\/sitio\/wp-content\/uploads\/2021\/10\/LINEA-1000x8.png\" alt=\"\" width=\"1000\" height=\"8\"><\/h2>\n\n\n\n<h2 class=\"wp-block-heading\">Profesorado de educaci\u00f3n inicial<\/h2>\n\n\n<div class=\"wp-block-image\">\n<figure class=\"aligncenter size-large is-resized\"><a href=\"https:\/\/docs.google.com\/forms\/d\/e\/1FAIpQLSclhoL5sguAPAnXuuPbUPMxljyixoF1ga_ABT0W8c88YjgXFQ\/viewform?usp=dialog\"><img decoding=\"async\" loading=\"lazy\" src=\"https:\/\/hermanoseptimio-ers.infd.edu.ar\/sitio\/wp-content\/uploads\/2023\/04\/INICIAL-MESAS-EXTRAORDINARIAS-1-1343x1900.png\" alt=\"\" class=\"wp-image-3728\" width=\"235\" height=\"332\" srcset=\"https:\/\/hermanoseptimio-ers.infd.edu.ar\/sitio\/wp-content\/uploads\/2023\/04\/INICIAL-MESAS-EXTRAORDINARIAS-1-1343x1900.png 1343w, https:\/\/hermanoseptimio-ers.infd.edu.ar\/sitio\/wp-content\/uploads\/2023\/04\/INICIAL-MESAS-EXTRAORDINARIAS-1-707x1000.png 707w, https:\/\/hermanoseptimio-ers.infd.edu.ar\/sitio\/wp-content\/uploads\/2023\/04\/INICIAL-MESAS-EXTRAORDINARIAS-1-768x1086.png 768w, https:\/\/hermanoseptimio-ers.infd.edu.ar\/sitio\/wp-content\/uploads\/2023\/04\/INICIAL-MESAS-EXTRAORDINARIAS-1-1086x1536.png 1086w, https:\/\/hermanoseptimio-ers.infd.edu.ar\/sitio\/wp-content\/uploads\/2023\/04\/INICIAL-MESAS-EXTRAORDINARIAS-1-1448x2048.png 1448w, https:\/\/hermanoseptimio-ers.infd.edu.ar\/sitio\/wp-content\/uploads\/2023\/04\/INICIAL-MESAS-EXTRAORDINARIAS-1.png 1587w\" sizes=\"(max-width: 235px) 100vw, 235px\" \/><\/a><\/figure><\/div>\n\n\n<h2 class=\"wp-block-heading\"><img decoding=\"async\" loading=\"lazy\" src=\"https:\/\/hermanoseptimio-ers.infd.edu.ar\/sitio\/wp-content\/uploads\/2021\/10\/LINEA-1000x8.png\" alt=\"\" width=\"1000\" height=\"8\"><\/h2>\n\n\n\n<h2 class=\"wp-block-heading\">Profesorado de educaci\u00f3n primaria<\/h2>\n\n\n<div class=\"wp-block-image\">\n<figure class=\"aligncenter size-large is-resized\"><a href=\"https:\/\/docs.google.com\/forms\/d\/e\/1FAIpQLScHeSvZci0OkvQy6C7sdtjcfaX0WFRhAQHRgAgttPYdFNx1vA\/viewform?usp=publish-editor\"><img decoding=\"async\" loading=\"lazy\" src=\"https:\/\/hermanoseptimio-ers.infd.edu.ar\/sitio\/wp-content\/uploads\/2023\/04\/PRIMARIA-MESAS-EXTRAORDINARIAS-1-1343x1900.png\" alt=\"\" class=\"wp-image-3729\" width=\"241\" height=\"340\" srcset=\"https:\/\/hermanoseptimio-ers.infd.edu.ar\/sitio\/wp-content\/uploads\/2023\/04\/PRIMARIA-MESAS-EXTRAORDINARIAS-1-1343x1900.png 1343w, https:\/\/hermanoseptimio-ers.infd.edu.ar\/sitio\/wp-content\/uploads\/2023\/04\/PRIMARIA-MESAS-EXTRAORDINARIAS-1-707x1000.png 707w, https:\/\/hermanoseptimio-ers.infd.edu.ar\/sitio\/wp-content\/uploads\/2023\/04\/PRIMARIA-MESAS-EXTRAORDINARIAS-1-768x1086.png 768w, https:\/\/hermanoseptimio-ers.infd.edu.ar\/sitio\/wp-content\/uploads\/2023\/04\/PRIMARIA-MESAS-EXTRAORDINARIAS-1-1086x1536.png 1086w, https:\/\/hermanoseptimio-ers.infd.edu.ar\/sitio\/wp-content\/uploads\/2023\/04\/PRIMARIA-MESAS-EXTRAORDINARIAS-1-1448x2048.png 1448w, https:\/\/hermanoseptimio-ers.infd.edu.ar\/sitio\/wp-content\/uploads\/2023\/04\/PRIMARIA-MESAS-EXTRAORDINARIAS-1.png 1587w\" sizes=\"(max-width: 241px) 100vw, 241px\" \/><\/a><\/figure><\/div>\n\n\n<figure class=\"wp-block-image\"><img decoding=\"async\" loading=\"lazy\" width=\"1000\" height=\"8\" src=\"https:\/\/hermanoseptimio-ers.infd.edu.ar\/sitio\/wp-content\/uploads\/2021\/10\/LINEA-1000x8.png\" alt=\"\" class=\"wp-image-2916\" srcset=\"https:\/\/hermanoseptimio-ers.infd.edu.ar\/sitio\/wp-content\/uploads\/2021\/10\/LINEA-1000x8.png 1000w, https:\/\/hermanoseptimio-ers.infd.edu.ar\/sitio\/wp-content\/uploads\/2021\/10\/LINEA-768x6.png 768w, https:\/\/hermanoseptimio-ers.infd.edu.ar\/sitio\/wp-content\/uploads\/2021\/10\/LINEA.png 1360w\" sizes=\"(max-width: 1000px) 100vw, 1000px\" \/><\/figure>\n\n\n\n<h2 class=\"wp-block-heading\">ATENCI\u00d3N:<\/h2>\n\n\n\n<ul>\n<li>Deber\u00e1 completar los formularios en su totalidad, tantas veces como espacios curriculares desee rendir.<\/li>\n\n\n\n<li>Recibir\u00e1 un correo electr\u00f3nico con la confirmaci\u00f3n de la inscripci\u00f3n (corroborar tambi\u00e9n en correo Spam o No deseado).<\/li>\n\n\n\n<li>POR FAVOR corroborar en dicho correo electr\u00f3nico que los datos de la inscripci\u00f3n est\u00e9n correctos.<\/li>\n\n\n\n<li>Solo durante los<strong> d\u00edas de in<strong><strong><strong><strong>scripci\u00f3n y dos d\u00eda posterior<\/strong><\/strong>es<\/strong><\/strong><\/strong>, usted podr\u00e1 realizar cambios o solicitar la baja de la inscripci\u00f3n, accediendo al formulario desde el correo electr\u00f3nico de confirmaci\u00f3n.<\/li>\n<\/ul>\n","protected":false},"excerpt":{"rendered":"<p>MAYO 2026 Inscripciones disponibles los d\u00edas: Profesorado de educaci\u00f3n inicial Profesorado de educaci\u00f3n primaria ATENCI\u00d3N:<\/p>\n","protected":false},"author":12,"featured_media":0,"parent":0,"menu_order":0,"comment_status":"closed","ping_status":"closed","template":"","meta":[],"acf":[],"_links":{"self":[{"href":"https:\/\/hermanoseptimio-ers.infd.edu.ar\/sitio\/wp-json\/wp\/v2\/pages\/3236"}],"collection":[{"href":"https:\/\/hermanoseptimio-ers.infd.edu.ar\/sitio\/wp-json\/wp\/v2\/pages"}],"about":[{"href":"https:\/\/hermanoseptimio-ers.infd.edu.ar\/sitio\/wp-json\/wp\/v2\/types\/page"}],"author":[{"embeddable":true,"href":"https:\/\/hermanoseptimio-ers.infd.edu.ar\/sitio\/wp-json\/wp\/v2\/users\/12"}],"replies":[{"embeddable":true,"href":"https:\/\/hermanoseptimio-ers.infd.edu.ar\/sitio\/wp-json\/wp\/v2\/comments?post=3236"}],"version-history":[{"count":42,"href":"https:\/\/hermanoseptimio-ers.infd.edu.ar\/sitio\/wp-json\/wp\/v2\/pages\/3236\/revisions"}],"predecessor-version":[{"id":4246,"href":"https:\/\/hermanoseptimio-ers.infd.edu.ar\/sitio\/wp-json\/wp\/v2\/pages\/3236\/revisions\/4246"}],"wp:attachment":[{"href":"https:\/\/hermanoseptimio-ers.infd.edu.ar\/sitio\/wp-json\/wp\/v2\/media?parent=3236"}],"curies":[{"name":"wp","href":"https:\/\/api.w.org\/{rel}","templated":true}]}}