{"id":286,"date":"2020-08-13T13:17:59","date_gmt":"2020-08-13T16:17:59","guid":{"rendered":"https:\/\/hermanoseptimio-ers.infd.edu.ar\/sitio\/?page_id=286"},"modified":"2026-04-07T09:52:45","modified_gmt":"2026-04-07T12:52:45","slug":"inicio","status":"publish","type":"page","link":"https:\/\/hermanoseptimio-ers.infd.edu.ar\/sitio\/","title":{"rendered":"Inicio"},"content":{"rendered":"<div id=\"metaslider-id-403\" style=\"width: 100%; margin: 0 auto;\" class=\"ml-slider-3-33-0 metaslider metaslider-flex metaslider-403 ml-slider ms-theme-default nav-hidden\" role=\"region\" aria-roledescription=\"Slideshow\" aria-label=\"Slideshow\">\n    <div id=\"metaslider_container_403\">\n        <div id=\"metaslider_403\" class=\"flexslider\">\n            <ul aria-live=\"polite\" class=\"slides\">\n                <li style=\"display: block; width: 100%;\" class=\"slide-1975 ms-image\" aria-roledescription=\"slide\" aria-label=\"slide-1975\"><img src=\"https:\/\/hermanoseptimio-ers.infd.edu.ar\/sitio\/wp-content\/uploads\/2022\/06\/Copia-de-Amarillo-y-Blanco-Floral-Belleza-Frase-de-Seguridad-Portada-de-Facebook-3-2050x738.png\" height=\"900\" width=\"2500\" alt=\"\" class=\"slider-403 slide-1975\" title=\"Copia de Amarillo y Blanco Floral Belleza Frase de Seguridad Portada de Facebook (3)\" \/><\/li>\n                <li style=\"display: none; width: 100%;\" class=\"slide-3385 ms-image\" aria-roledescription=\"slide\" aria-label=\"slide-3385\"><img src=\"https:\/\/hermanoseptimio-ers.infd.edu.ar\/sitio\/wp-content\/uploads\/2022\/06\/Amarillo-y-Blanco-Floral-Belleza-Frase-de-Seguridad-Portada-de-Facebook-2-2050x738.png\" height=\"900\" width=\"2500\" alt=\"\" class=\"slider-403 slide-3385\" title=\"Amarillo y Blanco Floral Belleza Frase de Seguridad Portada de Facebook (2)\" \/><\/li>\n            <\/ul>\n        <\/div>\n        \n    <\/div>\n<\/div>\n<h2 style=\"text-align: left;\"><span style=\"color: #54af63;\">Novedades 2026<\/span><\/h2>\n<div  class=\"lgc-column lgc-grid-parent lgc-grid-100 lgc-tablet-grid-100 lgc-mobile-grid-100 lgc-equal-heights \"><div  class=\"inside-grid-column\">\n<p><img decoding=\"async\" loading=\"lazy\" class=\"wp-image-4049 size-medium aligncenter\" src=\"https:\/\/hermanoseptimio-ers.infd.edu.ar\/sitio\/wp-content\/uploads\/2025\/05\/rediseno-marca-hermano-septimio-escudo-isologotipo-1000x245.png\" alt=\"\" width=\"1000\" height=\"245\" srcset=\"https:\/\/hermanoseptimio-ers.infd.edu.ar\/sitio\/wp-content\/uploads\/2025\/05\/rediseno-marca-hermano-septimio-escudo-isologotipo-1000x245.png 1000w, https:\/\/hermanoseptimio-ers.infd.edu.ar\/sitio\/wp-content\/uploads\/2025\/05\/rediseno-marca-hermano-septimio-escudo-isologotipo-1900x466.png 1900w, https:\/\/hermanoseptimio-ers.infd.edu.ar\/sitio\/wp-content\/uploads\/2025\/05\/rediseno-marca-hermano-septimio-escudo-isologotipo-768x188.png 768w, https:\/\/hermanoseptimio-ers.infd.edu.ar\/sitio\/wp-content\/uploads\/2025\/05\/rediseno-marca-hermano-septimio-escudo-isologotipo-1536x377.png 1536w, https:\/\/hermanoseptimio-ers.infd.edu.ar\/sitio\/wp-content\/uploads\/2025\/05\/rediseno-marca-hermano-septimio-escudo-isologotipo-2048x502.png 2048w\" sizes=\"(max-width: 1000px) 100vw, 1000px\" \/><\/p>\n<p>&nbsp;<\/p>\n<p><\/p><\/div><\/div>\n<div  class=\"lgc-column lgc-grid-parent lgc-grid-33 lgc-tablet-grid-50 lgc-mobile-grid-100 lgc-equal-heights \"><div  class=\"inside-grid-column\">\n<p><a href=\"https:\/\/hermanoseptimio-ers.infd.edu.ar\/sitio\/mesas-de-examenes-extraordinarias\/\"><img decoding=\"async\" loading=\"lazy\" class=\"aligncenter wp-image-4239\" src=\"https:\/\/hermanoseptimio-ers.infd.edu.ar\/sitio\/wp-content\/uploads\/2026\/04\/mesas-extraordinarias-1.png\" alt=\"\" width=\"375\" height=\"530\" \/><\/a><\/p>\n<p><\/p><\/div><\/div>\n<div  class=\"lgc-column lgc-grid-parent lgc-grid-33 lgc-tablet-grid-50 lgc-mobile-grid-100 lgc-equal-heights \"><div  class=\"inside-grid-column\">\n<h1><a href=\"https:\/\/hermanoseptimio-ers.infd.edu.ar\/sitio\/bases-y-condiciones\/\"><img decoding=\"async\" loading=\"lazy\" class=\"aligncenter wp-image-3963\" src=\"https:\/\/hermanoseptimio-ers.infd.edu.ar\/sitio\/wp-content\/uploads\/2024\/11\/Prinscripciones-becas-2025-707x1000.png\" alt=\"\" width=\"380\" height=\"537\" srcset=\"https:\/\/hermanoseptimio-ers.infd.edu.ar\/sitio\/wp-content\/uploads\/2024\/11\/Prinscripciones-becas-2025-707x1000.png 707w, https:\/\/hermanoseptimio-ers.infd.edu.ar\/sitio\/wp-content\/uploads\/2024\/11\/Prinscripciones-becas-2025-1343x1900.png 1343w, https:\/\/hermanoseptimio-ers.infd.edu.ar\/sitio\/wp-content\/uploads\/2024\/11\/Prinscripciones-becas-2025-768x1086.png 768w, https:\/\/hermanoseptimio-ers.infd.edu.ar\/sitio\/wp-content\/uploads\/2024\/11\/Prinscripciones-becas-2025-1086x1536.png 1086w, https:\/\/hermanoseptimio-ers.infd.edu.ar\/sitio\/wp-content\/uploads\/2024\/11\/Prinscripciones-becas-2025-1448x2048.png 1448w, https:\/\/hermanoseptimio-ers.infd.edu.ar\/sitio\/wp-content\/uploads\/2024\/11\/Prinscripciones-becas-2025.png 1587w\" sizes=\"(max-width: 380px) 100vw, 380px\" \/><\/a><\/h1>\n<p><\/p><\/div><\/div>\n<div  class=\"lgc-column lgc-grid-parent lgc-grid-33 lgc-tablet-grid-50 lgc-mobile-grid-100 lgc-equal-heights \"><div  class=\"inside-grid-column\">\n<p><a href=\"https:\/\/hermanoseptimio-ers.infd.edu.ar\/sitio\/inscripciones-2\/\"><img decoding=\"async\" loading=\"lazy\" class=\"aligncenter wp-image-4153\" src=\"https:\/\/hermanoseptimio-ers.infd.edu.ar\/sitio\/wp-content\/uploads\/2025\/10\/CARRERA-inscripciones-1-707x1000.png\" alt=\"\" width=\"382\" height=\"540\" srcset=\"https:\/\/hermanoseptimio-ers.infd.edu.ar\/sitio\/wp-content\/uploads\/2025\/10\/CARRERA-inscripciones-1-707x1000.png 707w, https:\/\/hermanoseptimio-ers.infd.edu.ar\/sitio\/wp-content\/uploads\/2025\/10\/CARRERA-inscripciones-1-1343x1900.png 1343w, https:\/\/hermanoseptimio-ers.infd.edu.ar\/sitio\/wp-content\/uploads\/2025\/10\/CARRERA-inscripciones-1-768x1086.png 768w, https:\/\/hermanoseptimio-ers.infd.edu.ar\/sitio\/wp-content\/uploads\/2025\/10\/CARRERA-inscripciones-1-1086x1536.png 1086w, https:\/\/hermanoseptimio-ers.infd.edu.ar\/sitio\/wp-content\/uploads\/2025\/10\/CARRERA-inscripciones-1-1448x2048.png 1448w, https:\/\/hermanoseptimio-ers.infd.edu.ar\/sitio\/wp-content\/uploads\/2025\/10\/CARRERA-inscripciones-1.png 1587w\" sizes=\"(max-width: 382px) 100vw, 382px\" \/><\/a><\/p>\n<p>&nbsp;<\/p>\n<p><\/p><\/div><\/div>\n<div  class=\"lgc-column lgc-grid-parent lgc-grid-50 lgc-tablet-grid-33 lgc-mobile-grid-50 lgc-equal-heights \"><div  class=\"inside-grid-column\">\n<h6>\u00a0<\/h6>\n<p style=\"text-align: center;\"><div id=\"metaslider-id-1024\" style=\"width: 100%; margin: 0 auto;\" class=\"ml-slider-3-33-0 metaslider metaslider-nivo metaslider-1024 ml-slider ms-theme-default nav-hidden\" role=\"region\" aria-roledescription=\"Slideshow\" aria-label=\"Slideshow\">\n    <div id=\"metaslider_container_1024\">\n        <div class='slider-wrapper theme-default'><div class='ribbon'><\/div><div id='metaslider_1024' class='nivoSlider'><img src=\"https:\/\/hermanoseptimio-ers.infd.edu.ar\/sitio\/wp-content\/uploads\/2020\/08\/Colorful-Triangles-Spring-Break-Sale-Facebook-Post-1-2-600x500.png\" height=\"500\" width=\"600\" title=\"Colorful Triangles Spring Break Sale Facebook Post (1)\" alt=\"\" class=\"slider-1024 slide-1381\" \/><img src=\"https:\/\/hermanoseptimio-ers.infd.edu.ar\/sitio\/wp-content\/uploads\/2020\/08\/Colorful-Triangles-Spring-Break-Sale-Facebook-Post-1-2-600x500.png\" height=\"500\" width=\"600\" title=\"Colorful Triangles Spring Break Sale Facebook Post (1)\" alt=\"\" class=\"slider-1024 slide-1651\" \/><\/div><\/div>\n        \n    <\/div>\n<\/div><\/p>\n<p><\/p><\/div><\/div>\n<div  class=\"lgc-column lgc-grid-parent lgc-grid-50 lgc-tablet-grid-33 lgc-mobile-grid-50 lgc-equal-heights \"><div  class=\"inside-grid-column\">\n<h6>\u00a0<\/h6>\n<p style=\"text-align: center;\"><div id=\"metaslider-id-1042\" style=\"width: 100%; margin: 0 auto;\" class=\"ml-slider-3-33-0 metaslider metaslider-nivo metaslider-1042 ml-slider ms-theme-default nav-hidden\" role=\"region\" aria-roledescription=\"Slideshow\" aria-label=\"Slideshow\">\n    <div id=\"metaslider_container_1042\">\n        <div class='slider-wrapper theme-default'><div class='ribbon'><\/div><div id='metaslider_1042' class='nivoSlider'><img src=\"https:\/\/hermanoseptimio-ers.infd.edu.ar\/sitio\/wp-content\/uploads\/2025\/05\/ADMINISTRACION.png\" height=\"500\" width=\"600\" title=\"ADMINISTRACI\u00d3N\" alt=\"\" class=\"slider-1042 slide-3421\" \/><img src=\"https:\/\/hermanoseptimio-ers.infd.edu.ar\/sitio\/wp-content\/uploads\/2022\/06\/Colorful-Retail-Announcement-Facebook-Post-1-600x500.png\" height=\"500\" width=\"600\" title=\"Colorful Retail Announcement Facebook Post (1)\" alt=\"\" class=\"slider-1042 slide-3422\" \/><\/div><\/div>\n        \n    <\/div>\n<\/div><\/p>\n<p><\/p><\/div><\/div>\n<div  class=\"lgc-column lgc-grid-parent lgc-grid-33 lgc-tablet-grid-33 lgc-mobile-grid-50 lgc-equal-heights \"><div  class=\"inside-grid-column\"><img decoding=\"async\" loading=\"lazy\" class=\"wp-image-4053  aligncenter\" src=\"https:\/\/hermanoseptimio-ers.infd.edu.ar\/sitio\/wp-content\/uploads\/2025\/05\/HORARIO.png\" alt=\"\" width=\"284\" height=\"401\" \/> <\/div><\/div>\n<div  class=\"lgc-column lgc-grid-parent lgc-grid-33 lgc-tablet-grid-33 lgc-mobile-grid-50 lgc-equal-heights \"><div  class=\"inside-grid-column\"><a href=\"https:\/\/hermanoseptimio-ers.infd.edu.ar\/sitio\/galeria-de-fotos\/\"><img decoding=\"async\" loading=\"lazy\" class=\"wp-image-1610 aligncenter\" src=\"https:\/\/hermanoseptimio-ers.infd.edu.ar\/sitio\/wp-content\/uploads\/2020\/08\/Colorido-Huellas-de-Manos-Ni\u00f1os-Cita-Educaci\u00f3n-P\u00f3ster-2-707x1000.png\" alt=\"\" width=\"277\" height=\"392\" srcset=\"https:\/\/hermanoseptimio-ers.infd.edu.ar\/sitio\/wp-content\/uploads\/2020\/08\/Colorido-Huellas-de-Manos-Ni\u00f1os-Cita-Educaci\u00f3n-P\u00f3ster-2-707x1000.png 707w, https:\/\/hermanoseptimio-ers.infd.edu.ar\/sitio\/wp-content\/uploads\/2020\/08\/Colorido-Huellas-de-Manos-Ni\u00f1os-Cita-Educaci\u00f3n-P\u00f3ster-2-768x1086.png 768w, https:\/\/hermanoseptimio-ers.infd.edu.ar\/sitio\/wp-content\/uploads\/2020\/08\/Colorido-Huellas-de-Manos-Ni\u00f1os-Cita-Educaci\u00f3n-P\u00f3ster-2-1343x1900.png 1343w, https:\/\/hermanoseptimio-ers.infd.edu.ar\/sitio\/wp-content\/uploads\/2020\/08\/Colorido-Huellas-de-Manos-Ni\u00f1os-Cita-Educaci\u00f3n-P\u00f3ster-2.png 1587w\" sizes=\"(max-width: 277px) 100vw, 277px\" \/><\/a> <\/div><\/div>\n<div  class=\"lgc-column lgc-grid-parent lgc-grid-33 lgc-tablet-grid-33 lgc-mobile-grid-50 lgc-equal-heights \"><div  class=\"inside-grid-column\"><a href=\"https:\/\/hermanoseptimio-ers.infd.edu.ar\/sitio\/solicitud-de-equivalencias\/\"><img decoding=\"async\" loading=\"lazy\" class=\"wp-image-2676 aligncenter\" src=\"https:\/\/hermanoseptimio-ers.infd.edu.ar\/sitio\/wp-content\/uploads\/2021\/03\/Purple-and-Pink-Geometric-Technology-Flyer-707x1000.jpg\" alt=\"\" width=\"274\" height=\"388\" srcset=\"https:\/\/hermanoseptimio-ers.infd.edu.ar\/sitio\/wp-content\/uploads\/2021\/03\/Purple-and-Pink-Geometric-Technology-Flyer-707x1000.jpg 707w, https:\/\/hermanoseptimio-ers.infd.edu.ar\/sitio\/wp-content\/uploads\/2021\/03\/Purple-and-Pink-Geometric-Technology-Flyer-768x1086.jpg 768w, https:\/\/hermanoseptimio-ers.infd.edu.ar\/sitio\/wp-content\/uploads\/2021\/03\/Purple-and-Pink-Geometric-Technology-Flyer-1343x1900.jpg 1343w, https:\/\/hermanoseptimio-ers.infd.edu.ar\/sitio\/wp-content\/uploads\/2021\/03\/Purple-and-Pink-Geometric-Technology-Flyer.jpg 1414w\" sizes=\"(max-width: 274px) 100vw, 274px\" \/><\/a> <\/div><\/div>\n<div  class=\"lgc-column lgc-grid-parent lgc-grid-33 lgc-tablet-grid-33 lgc-mobile-grid-50 lgc-equal-heights \"><div  class=\"inside-grid-column\"> <a href=\"https:\/\/hermanoseptimio-ers.infd.edu.ar\/sitio\/institucional\/\"><img decoding=\"async\" loading=\"lazy\" class=\"wp-image-2679 aligncenter\" src=\"https:\/\/hermanoseptimio-ers.infd.edu.ar\/sitio\/wp-content\/uploads\/2021\/03\/Purple-and-Pink-Geometric-Technology-Flyer-1-707x1000.jpg\" alt=\"\" width=\"269\" height=\"381\" srcset=\"https:\/\/hermanoseptimio-ers.infd.edu.ar\/sitio\/wp-content\/uploads\/2021\/03\/Purple-and-Pink-Geometric-Technology-Flyer-1-707x1000.jpg 707w, https:\/\/hermanoseptimio-ers.infd.edu.ar\/sitio\/wp-content\/uploads\/2021\/03\/Purple-and-Pink-Geometric-Technology-Flyer-1-768x1086.jpg 768w, https:\/\/hermanoseptimio-ers.infd.edu.ar\/sitio\/wp-content\/uploads\/2021\/03\/Purple-and-Pink-Geometric-Technology-Flyer-1-1343x1900.jpg 1343w, https:\/\/hermanoseptimio-ers.infd.edu.ar\/sitio\/wp-content\/uploads\/2021\/03\/Purple-and-Pink-Geometric-Technology-Flyer-1.jpg 1414w\" sizes=\"(max-width: 269px) 100vw, 269px\" \/><\/a> <\/div><\/div>\n<div  class=\"lgc-column lgc-grid-parent lgc-grid-33 lgc-tablet-grid-33 lgc-mobile-grid-50 lgc-equal-heights \"><div  class=\"inside-grid-column\"> <img decoding=\"async\" loading=\"lazy\" class=\"wp-image-2681 aligncenter\" src=\"https:\/\/hermanoseptimio-ers.infd.edu.ar\/sitio\/wp-content\/uploads\/2021\/03\/Purple-and-Pink-Geometric-Technology-Flyer-2-707x1000.jpg\" alt=\"\" width=\"268\" height=\"379\" srcset=\"https:\/\/hermanoseptimio-ers.infd.edu.ar\/sitio\/wp-content\/uploads\/2021\/03\/Purple-and-Pink-Geometric-Technology-Flyer-2-707x1000.jpg 707w, https:\/\/hermanoseptimio-ers.infd.edu.ar\/sitio\/wp-content\/uploads\/2021\/03\/Purple-and-Pink-Geometric-Technology-Flyer-2-768x1086.jpg 768w, https:\/\/hermanoseptimio-ers.infd.edu.ar\/sitio\/wp-content\/uploads\/2021\/03\/Purple-and-Pink-Geometric-Technology-Flyer-2-1343x1900.jpg 1343w, https:\/\/hermanoseptimio-ers.infd.edu.ar\/sitio\/wp-content\/uploads\/2021\/03\/Purple-and-Pink-Geometric-Technology-Flyer-2.jpg 1414w\" sizes=\"(max-width: 268px) 100vw, 268px\" \/> <\/div><\/div>\n<div  class=\"lgc-column lgc-grid-parent lgc-grid-33 lgc-tablet-grid-33 lgc-mobile-grid-50 lgc-equal-heights \"><div  class=\"inside-grid-column\"> <a href=\"https:\/\/hermanoseptimio-ers.infd.edu.ar\/aula\/escritorio.cgi\"><img decoding=\"async\" loading=\"lazy\" class=\"aligncenter wp-image-2684\" src=\"https:\/\/hermanoseptimio-ers.infd.edu.ar\/sitio\/wp-content\/uploads\/2021\/03\/Purple-and-Pink-Geometric-Technology-Flyer-3-707x1000.jpg\" alt=\"\" width=\"266\" height=\"376\" srcset=\"https:\/\/hermanoseptimio-ers.infd.edu.ar\/sitio\/wp-content\/uploads\/2021\/03\/Purple-and-Pink-Geometric-Technology-Flyer-3-707x1000.jpg 707w, https:\/\/hermanoseptimio-ers.infd.edu.ar\/sitio\/wp-content\/uploads\/2021\/03\/Purple-and-Pink-Geometric-Technology-Flyer-3-768x1086.jpg 768w, https:\/\/hermanoseptimio-ers.infd.edu.ar\/sitio\/wp-content\/uploads\/2021\/03\/Purple-and-Pink-Geometric-Technology-Flyer-3-1343x1900.jpg 1343w, https:\/\/hermanoseptimio-ers.infd.edu.ar\/sitio\/wp-content\/uploads\/2021\/03\/Purple-and-Pink-Geometric-Technology-Flyer-3.jpg 1414w\" sizes=\"(max-width: 266px) 100vw, 266px\" \/><\/a> <\/div><\/div>\n<div  class=\"lgc-column lgc-grid-parent lgc-grid-50 lgc-tablet-grid-50 lgc-mobile-grid-100 lgc-equal-heights \"><div  class=\"inside-grid-column\">\n<p style=\"text-align: center;\"><span style=\"color: #ffffff;\">Escanea el c\u00f3digo QR y <\/span><span style=\"color: #ffffff;\">accede a este <\/span><span style=\"color: #ffffff;\">Sitio web desde tu celular<\/span><img decoding=\"async\" loading=\"lazy\" class=\"wp-image-3266  aligncenter\" src=\"https:\/\/hermanoseptimio-ers.infd.edu.ar\/sitio\/wp-content\/uploads\/2022\/05\/CODIGO-QR-SITIO-WEB-SEPTIMIO.png\" alt=\"\" width=\"165\" height=\"165\" \/> <\/p><\/div><\/div> <div  class=\"lgc-column lgc-grid-parent lgc-grid-50 lgc-tablet-grid-50 lgc-mobile-grid-100 lgc-equal-heights \"><div  class=\"inside-grid-column\">\n<p style=\"text-align: center;\"><span style=\"color: #ffffff;\">Seguinos en nuestras redes sociales<\/span><\/p>\n<p style=\"text-align: center;\"><span style=\"color: #ffffff;\"><a href=\"https:\/\/www.instagram.com\/hermano.septimio\/\" target=\"_blank\" rel=\"noopener\"><img decoding=\"async\" loading=\"lazy\" class=\"alignnone wp-image-3269\" src=\"https:\/\/hermanoseptimio-ers.infd.edu.ar\/sitio\/wp-content\/uploads\/2022\/05\/face-inst.png\" alt=\"\" width=\"117\" height=\"120\" \/><\/a> <a href=\"https:\/\/www.facebook.com\/institutodeprofesorado.hermanoseptimio.9\" target=\"_blank\" rel=\"noopener\"><img decoding=\"async\" loading=\"lazy\" class=\"alignnone wp-image-3270\" src=\"https:\/\/hermanoseptimio-ers.infd.edu.ar\/sitio\/wp-content\/uploads\/2022\/05\/face-inst1.png\" alt=\"\" width=\"118\" height=\"121\" \/><\/a><\/span><\/p>\n<p><\/p><\/div><\/div>\n<h4>\u00a0<\/h4>\n<h2 style=\"text-align: left;\"><span style=\"color: #54af63;\">Informaci\u00f3n<\/span><\/h2>\n<h4 style=\"text-align: center;\">\u00bfQuer\u00e9s estudiar en\u00a0Instituto de Profesorado Hermano Septimio?<\/h4>\n<h6 style=\"text-align: center;\">(Completa el formulario y recibir\u00e1s informaci\u00f3n por e-mail)<\/h6>\n<div  class=\"lgc-column lgc-grid-parent lgc-grid-50 lgc-tablet-grid-50 lgc-mobile-grid-100 lgc-equal-heights \"><div  class=\"inside-grid-column\">\n<h5 style=\"text-align: left;\">Profesorado de Educaci\u00f3n Inicial<\/h5>\n<p style=\"text-align: center;\">\n<div class=\"wpcf7 no-js\" id=\"wpcf7-f1421-o1\" lang=\"es-ES\" dir=\"ltr\">\n<div class=\"screen-reader-response\"><p role=\"status\" aria-live=\"polite\" aria-atomic=\"true\"><\/p> <ul><\/ul><\/div>\n<form action=\"\/sitio\/wp-json\/wp\/v2\/pages\/286#wpcf7-f1421-o1\" method=\"post\" class=\"wpcf7-form init\" aria-label=\"Formulario de contacto\" novalidate=\"novalidate\" data-status=\"init\">\n<div style=\"display: none;\">\n<input type=\"hidden\" name=\"_wpcf7\" value=\"1421\" \/>\n<input type=\"hidden\" name=\"_wpcf7_version\" value=\"5.7.7\" \/>\n<input type=\"hidden\" name=\"_wpcf7_locale\" value=\"es_ES\" \/>\n<input type=\"hidden\" name=\"_wpcf7_unit_tag\" value=\"wpcf7-f1421-o1\" \/>\n<input type=\"hidden\" name=\"_wpcf7_container_post\" value=\"0\" \/>\n<input type=\"hidden\" name=\"_wpcf7_posted_data_hash\" value=\"\" \/>\n<input type=\"hidden\" name=\"_wpcf7_recaptcha_response\" value=\"\" \/>\n<\/div>\n<p><label> Nombre y apellido<br \/>\n<span class=\"wpcf7-form-control-wrap\" data-name=\"your-name\"><input size=\"40\" class=\"wpcf7-form-control wpcf7-text wpcf7-validates-as-required\" aria-required=\"true\" aria-invalid=\"false\" value=\"\" type=\"text\" name=\"your-name\" \/><\/span> <\/label><br \/>\n<label> Correo electr\u00f3nico<br \/>\n<span class=\"wpcf7-form-control-wrap\" data-name=\"your-email\"><input size=\"40\" class=\"wpcf7-form-control wpcf7-text wpcf7-email wpcf7-validates-as-required wpcf7-validates-as-email\" aria-required=\"true\" aria-invalid=\"false\" value=\"\" type=\"email\" name=\"your-email\" \/><\/span> <\/label><br \/>\n<label> Tel\u00e9fono<br \/>\n<span class=\"wpcf7-form-control-wrap\" data-name=\"tel-97\"><input size=\"40\" class=\"wpcf7-form-control wpcf7-text wpcf7-tel wpcf7-validates-as-tel\" aria-invalid=\"false\" value=\"\" type=\"tel\" name=\"tel-97\" \/><\/span> <\/label><br \/>\n<label> Localidad<br \/>\n<span class=\"wpcf7-form-control-wrap\" data-name=\"your-subject\"><input size=\"40\" class=\"wpcf7-form-control wpcf7-text\" aria-invalid=\"false\" value=\"\" type=\"text\" name=\"your-subject\" \/><\/span> <\/label><br \/>\n<label> Consulta<br \/>\n<span class=\"wpcf7-form-control-wrap\" data-name=\"your-message\"><textarea cols=\"40\" rows=\"10\" class=\"wpcf7-form-control wpcf7-textarea\" aria-invalid=\"false\" name=\"your-message\"><\/textarea><\/span> <\/label>\n<\/p>\n<p><input class=\"wpcf7-form-control has-spinner wpcf7-submit\" type=\"submit\" value=\"Enviar\" \/>\n<\/p><p style=\"display: none !important;\"><label>&#916;<textarea name=\"_wpcf7_ak_hp_textarea\" cols=\"45\" rows=\"8\" maxlength=\"100\"><\/textarea><\/label><input type=\"hidden\" id=\"ak_js_1\" name=\"_wpcf7_ak_js\" value=\"27\"\/><script>document.getElementById( \"ak_js_1\" ).setAttribute( \"value\", ( new Date() ).getTime() );<\/script><\/p><div class=\"wpcf7-response-output\" aria-hidden=\"true\"><\/div>\n<\/form>\n<\/div>\n<\/p>\n<p><\/p><\/div><\/div> <div  class=\"lgc-column lgc-grid-parent lgc-grid-50 lgc-tablet-grid-50 lgc-mobile-grid-100 lgc-equal-heights \"><div  class=\"inside-grid-column\">\n<h5>Profesorado de Educaci\u00f3n Primaria<\/h5>\n<p style=\"text-align: center;\">\n<div class=\"wpcf7 no-js\" id=\"wpcf7-f1490-o2\" lang=\"es-ES\" dir=\"ltr\">\n<div class=\"screen-reader-response\"><p role=\"status\" aria-live=\"polite\" aria-atomic=\"true\"><\/p> <ul><\/ul><\/div>\n<form action=\"\/sitio\/wp-json\/wp\/v2\/pages\/286#wpcf7-f1490-o2\" method=\"post\" class=\"wpcf7-form init\" aria-label=\"Formulario de contacto\" novalidate=\"novalidate\" data-status=\"init\">\n<div style=\"display: none;\">\n<input type=\"hidden\" name=\"_wpcf7\" value=\"1490\" \/>\n<input type=\"hidden\" name=\"_wpcf7_version\" value=\"5.7.7\" \/>\n<input type=\"hidden\" name=\"_wpcf7_locale\" value=\"es_ES\" \/>\n<input type=\"hidden\" name=\"_wpcf7_unit_tag\" value=\"wpcf7-f1490-o2\" \/>\n<input type=\"hidden\" name=\"_wpcf7_container_post\" value=\"0\" \/>\n<input type=\"hidden\" name=\"_wpcf7_posted_data_hash\" value=\"\" \/>\n<input type=\"hidden\" name=\"_wpcf7_recaptcha_response\" value=\"\" \/>\n<\/div>\n<p><label> Nombre y apellido<br \/>\n<span class=\"wpcf7-form-control-wrap\" data-name=\"your-name\"><input size=\"40\" class=\"wpcf7-form-control wpcf7-text wpcf7-validates-as-required\" aria-required=\"true\" aria-invalid=\"false\" value=\"\" type=\"text\" name=\"your-name\" \/><\/span> <\/label><br \/>\n<label> Correo electr\u00f3nico<br \/>\n<span class=\"wpcf7-form-control-wrap\" data-name=\"your-email\"><input size=\"40\" class=\"wpcf7-form-control wpcf7-text wpcf7-email wpcf7-validates-as-required wpcf7-validates-as-email\" aria-required=\"true\" aria-invalid=\"false\" value=\"\" type=\"email\" name=\"your-email\" \/><\/span> <\/label><br \/>\n<label> Tel\u00e9fono<br \/>\n<span class=\"wpcf7-form-control-wrap\" data-name=\"tel-97\"><input size=\"40\" class=\"wpcf7-form-control wpcf7-text wpcf7-tel wpcf7-validates-as-tel\" aria-invalid=\"false\" value=\"\" type=\"tel\" name=\"tel-97\" \/><\/span> <\/label><br \/>\n<label> Localidad<br \/>\n<span class=\"wpcf7-form-control-wrap\" data-name=\"your-subject\"><input size=\"40\" class=\"wpcf7-form-control wpcf7-text\" aria-invalid=\"false\" value=\"\" type=\"text\" name=\"your-subject\" \/><\/span> <\/label><br \/>\n<label> Consulta<br \/>\n<span class=\"wpcf7-form-control-wrap\" data-name=\"your-message\"><textarea cols=\"40\" rows=\"10\" class=\"wpcf7-form-control wpcf7-textarea\" aria-invalid=\"false\" name=\"your-message\"><\/textarea><\/span> <\/label>\n<\/p>\n<p><input class=\"wpcf7-form-control has-spinner wpcf7-submit\" type=\"submit\" value=\"Enviar\" \/>\n<\/p><p style=\"display: none !important;\"><label>&#916;<textarea name=\"_wpcf7_ak_hp_textarea\" cols=\"45\" rows=\"8\" maxlength=\"100\"><\/textarea><\/label><input type=\"hidden\" id=\"ak_js_2\" name=\"_wpcf7_ak_js\" value=\"75\"\/><script>document.getElementById( \"ak_js_2\" ).setAttribute( \"value\", ( new Date() ).getTime() );<\/script><\/p><div class=\"wpcf7-response-output\" aria-hidden=\"true\"><\/div>\n<\/form>\n<\/div>\n<\/p>\n<p><\/p><\/div><\/div>\n<p style=\"text-align: center;\"><span style=\"color: #ffffff;\"><strong>Instituto de Formaci\u00f3n Docente d-148 \u00abHermano Septimio\u00bb<\/strong><\/span> <span style=\"color: #ffffff;\">Espejo 162 &#8211; Concordia &#8211; Entre R\u00edos &#8211; Argentina<\/span> <span style=\"color: #ffffff;\">Tel\/Fax (0345) 421-9066<\/span> <span style=\"color: #ffffff;\">secretariaseptimio@gmail.com<\/span><\/p>\n<hr \/>\n<p style=\"text-align: right;\"><span style=\"color: #ffffff;\">Dise\u00f1ado por:\u00a0<strong><em>Lic.\u00a0Paola V. Martino<\/em><\/strong><\/span><\/p>\n<p style=\"text-align: right;\"><span style=\"color: #ffffff;\">Webmaster y facilitador TIC del Instituto de Profesorado Hermano Septimio<\/span><\/p>\n<p style=\"text-align: right;\"><span style=\"color: #ffffff;\">pao-martino@homail.com<\/span><\/p>\n","protected":false},"excerpt":{"rendered":"<p>Novedades 2026 \u00a0 \u00a0 \u00a0 Informaci\u00f3n \u00bfQuer\u00e9s estudiar en\u00a0Instituto de Profesorado Hermano Septimio? (Completa el formulario y recibir\u00e1s informaci\u00f3n por e-mail) Instituto de Formaci\u00f3n Docente d-148 \u00abHermano Septimio\u00bb Espejo 162 &#8211; Concordia &#8211; Entre R\u00edos &#8211; Argentina Tel\/Fax (0345) 421-9066 secretariaseptimio@gmail.com Dise\u00f1ado por:\u00a0Lic.\u00a0Paola V. Martino Webmaster y facilitador TIC del Instituto de Profesorado Hermano Septimio &#8230; <a title=\"Inicio\" class=\"read-more\" href=\"https:\/\/hermanoseptimio-ers.infd.edu.ar\/sitio\/\" aria-label=\"More on Inicio\">[+]<\/a><\/p>\n","protected":false},"author":12,"featured_media":0,"parent":683,"menu_order":0,"comment_status":"open","ping_status":"closed","template":"","meta":[],"acf":[],"_links":{"self":[{"href":"https:\/\/hermanoseptimio-ers.infd.edu.ar\/sitio\/wp-json\/wp\/v2\/pages\/286"}],"collection":[{"href":"https:\/\/hermanoseptimio-ers.infd.edu.ar\/sitio\/wp-json\/wp\/v2\/pages"}],"about":[{"href":"https:\/\/hermanoseptimio-ers.infd.edu.ar\/sitio\/wp-json\/wp\/v2\/types\/page"}],"author":[{"embeddable":true,"href":"https:\/\/hermanoseptimio-ers.infd.edu.ar\/sitio\/wp-json\/wp\/v2\/users\/12"}],"replies":[{"embeddable":true,"href":"https:\/\/hermanoseptimio-ers.infd.edu.ar\/sitio\/wp-json\/wp\/v2\/comments?post=286"}],"version-history":[{"count":973,"href":"https:\/\/hermanoseptimio-ers.infd.edu.ar\/sitio\/wp-json\/wp\/v2\/pages\/286\/revisions"}],"predecessor-version":[{"id":4245,"href":"https:\/\/hermanoseptimio-ers.infd.edu.ar\/sitio\/wp-json\/wp\/v2\/pages\/286\/revisions\/4245"}],"up":[{"embeddable":true,"href":"https:\/\/hermanoseptimio-ers.infd.edu.ar\/sitio\/wp-json\/wp\/v2\/pages\/683"}],"wp:attachment":[{"href":"https:\/\/hermanoseptimio-ers.infd.edu.ar\/sitio\/wp-json\/wp\/v2\/media?parent=286"}],"curies":[{"name":"wp","href":"https:\/\/api.w.org\/{rel}","templated":true}]}}