{"id":2664,"date":"2021-03-05T06:35:39","date_gmt":"2021-03-05T09:35:39","guid":{"rendered":"https:\/\/hermanoseptimio-ers.infd.edu.ar\/sitio\/?page_id=2664"},"modified":"2026-03-10T15:54:56","modified_gmt":"2026-03-10T18:54:56","slug":"solicitud-de-equivalencias","status":"publish","type":"page","link":"https:\/\/hermanoseptimio-ers.infd.edu.ar\/sitio\/solicitud-de-equivalencias\/","title":{"rendered":"Solicitud de equivalencias"},"content":{"rendered":"<h2>Pasos para solicitar equivalencias:<\/h2>\n<p class=\"x_MsoNormal\"><b><i>Paso 1:<\/i><\/b>\u00a0descargar el <a href=\"https:\/\/drive.google.com\/file\/d\/1QCN_8GBNeP5orwxcR5eGO-bKwRFp2IIs\/view?usp=drive_link\" target=\"_blank\" rel=\"noopener\">Formulario de Solicitud de Equivalencia<\/a> y completarlo (se debe completar un formulario por cada materia que se quiere homologar).<\/p>\n<p class=\"x_MsoNormal\"><b><i>Paso 2:<\/i><\/b> presentarlo en Secretar\u00eda Administrativa adjuntando la siguiente documentaci\u00f3n:<\/p>\n<ul>\n<li class=\"x_gmail-MsoListParagraphCxSpFirst\">Copia autenticada del Programa de Examen del\/los espacio\/s curricular\/es por el\/los que se solicita la homologaci\u00f3n.<\/li>\n<li class=\"x_gmail-MsoListParagraphCxSpLast\">Una copia autenticada del Certificado Anal\u00edtico de la instituci\u00f3n de procedencia.<\/li>\n<\/ul>\n<p class=\"x_MsoNormal\">Toda la documentaci\u00f3n ser\u00e1 presentada en un folio rotulado con nombre y apellido, curso y carrera. Se recibir\u00e1n solicitudes de equivalencia\u00a0<b><u>del 10 de marzo al 25 de marzo de 2026<\/u><\/b>.<\/p>\n<p class=\"x_MsoNormal\"><b><u>Aclaraci\u00f3n:<\/u><\/b>\u00a0hasta tanto no se confirme si corresponde la equivalencia, la estudiante deber\u00e1 cursar la materia.<\/p>\n","protected":false},"excerpt":{"rendered":"<p>Pasos para solicitar equivalencias: Paso 1:\u00a0descargar el Formulario de Solicitud de Equivalencia y completarlo (se debe completar un formulario por cada materia que se quiere homologar). Paso 2: presentarlo en Secretar\u00eda Administrativa adjuntando la siguiente documentaci\u00f3n: Copia autenticada del Programa de Examen del\/los espacio\/s curricular\/es por el\/los que se solicita la homologaci\u00f3n. Una copia autenticada &#8230; <a title=\"Solicitud de equivalencias\" class=\"read-more\" href=\"https:\/\/hermanoseptimio-ers.infd.edu.ar\/sitio\/solicitud-de-equivalencias\/\" aria-label=\"More on Solicitud de equivalencias\">[+]<\/a><\/p>\n","protected":false},"author":12,"featured_media":0,"parent":0,"menu_order":0,"comment_status":"closed","ping_status":"closed","template":"","meta":[],"acf":[],"_links":{"self":[{"href":"https:\/\/hermanoseptimio-ers.infd.edu.ar\/sitio\/wp-json\/wp\/v2\/pages\/2664"}],"collection":[{"href":"https:\/\/hermanoseptimio-ers.infd.edu.ar\/sitio\/wp-json\/wp\/v2\/pages"}],"about":[{"href":"https:\/\/hermanoseptimio-ers.infd.edu.ar\/sitio\/wp-json\/wp\/v2\/types\/page"}],"author":[{"embeddable":true,"href":"https:\/\/hermanoseptimio-ers.infd.edu.ar\/sitio\/wp-json\/wp\/v2\/users\/12"}],"replies":[{"embeddable":true,"href":"https:\/\/hermanoseptimio-ers.infd.edu.ar\/sitio\/wp-json\/wp\/v2\/comments?post=2664"}],"version-history":[{"count":15,"href":"https:\/\/hermanoseptimio-ers.infd.edu.ar\/sitio\/wp-json\/wp\/v2\/pages\/2664\/revisions"}],"predecessor-version":[{"id":4233,"href":"https:\/\/hermanoseptimio-ers.infd.edu.ar\/sitio\/wp-json\/wp\/v2\/pages\/2664\/revisions\/4233"}],"wp:attachment":[{"href":"https:\/\/hermanoseptimio-ers.infd.edu.ar\/sitio\/wp-json\/wp\/v2\/media?parent=2664"}],"curies":[{"name":"wp","href":"https:\/\/api.w.org\/{rel}","templated":true}]}}