{"id":2562,"date":"2020-09-30T22:40:06","date_gmt":"2020-10-01T01:40:06","guid":{"rendered":"https:\/\/hermanoseptimio-ers.infd.edu.ar\/sitio\/?page_id=2562"},"modified":"2025-10-28T11:37:04","modified_gmt":"2025-10-28T14:37:04","slug":"inscripciones-2","status":"publish","type":"page","link":"https:\/\/hermanoseptimio-ers.infd.edu.ar\/sitio\/inscripciones-2\/","title":{"rendered":"Inscripciones &#8211; Ciclo lectivo 2026"},"content":{"rendered":"<h4><\/h4>\n<h2 style=\"text-align: center;\">INSCRIPCIONES AL CICLO LECTIVO 2026<\/h2>\n<h5 style=\"text-align: center;\">El Instituto de Profesorado \u2018Hermano Septimio\u2019 convoca a inscripciones para el ciclo lectivo 2026 para propuesta acad\u00e9mica.<\/h5>\n<p>Inscripci\u00f3n presencial en Secretar\u00eda del Instituto a partir del 1 de octubre. De lun. a vie. de 18.00 a 21.00 hs.<\/p>\n<p>Quienes deseen inscribirse, deber\u00e1n presentarse con la siguiente documentaci\u00f3n:<\/p>\n<ul>\n<li>Copia autenticada del T\u00edtulo Secundario (o constancia de t\u00edtulo en tr\u00e1mite)<\/li>\n<li>Fotocopia del D.N.I.<\/li>\n<li>Fotocopia legalizada de la Partida de Nacimiento<\/li>\n<li>Constancia de CUIL<\/li>\n<li>Foto 4&#215;4<\/li>\n<li>Declaraci\u00f3n Jurada de Salud (se solicita en Secretar\u00eda)<\/li>\n<\/ul>\n<p><strong>Por consultas:<\/strong><\/p>\n<ul>\n<li>Espejo 162 &#8211; Concordia (Entre R\u00edos)<\/li>\n<li>Tel\u00e9fono: 0345-4219066<\/li>\n<li>Correo electr\u00f3nico: ihssecretaria@gmail.com<\/li>\n<\/ul>\n","protected":false},"excerpt":{"rendered":"<p>INSCRIPCIONES AL CICLO LECTIVO 2026 El Instituto de Profesorado \u2018Hermano Septimio\u2019 convoca a inscripciones para el ciclo lectivo 2026 para propuesta acad\u00e9mica. Inscripci\u00f3n presencial en Secretar\u00eda del Instituto a partir del 1 de octubre. De lun. a vie. de 18.00 a 21.00 hs. Quienes deseen inscribirse, deber\u00e1n presentarse con la siguiente documentaci\u00f3n: Copia autenticada del &#8230; <a title=\"Inscripciones &#8211; Ciclo lectivo 2026\" class=\"read-more\" href=\"https:\/\/hermanoseptimio-ers.infd.edu.ar\/sitio\/inscripciones-2\/\" aria-label=\"More on Inscripciones &#8211; Ciclo lectivo 2026\">[+]<\/a><\/p>\n","protected":false},"author":12,"featured_media":0,"parent":0,"menu_order":0,"comment_status":"closed","ping_status":"closed","template":"","meta":[],"acf":[],"_links":{"self":[{"href":"https:\/\/hermanoseptimio-ers.infd.edu.ar\/sitio\/wp-json\/wp\/v2\/pages\/2562"}],"collection":[{"href":"https:\/\/hermanoseptimio-ers.infd.edu.ar\/sitio\/wp-json\/wp\/v2\/pages"}],"about":[{"href":"https:\/\/hermanoseptimio-ers.infd.edu.ar\/sitio\/wp-json\/wp\/v2\/types\/page"}],"author":[{"embeddable":true,"href":"https:\/\/hermanoseptimio-ers.infd.edu.ar\/sitio\/wp-json\/wp\/v2\/users\/12"}],"replies":[{"embeddable":true,"href":"https:\/\/hermanoseptimio-ers.infd.edu.ar\/sitio\/wp-json\/wp\/v2\/comments?post=2562"}],"version-history":[{"count":32,"href":"https:\/\/hermanoseptimio-ers.infd.edu.ar\/sitio\/wp-json\/wp\/v2\/pages\/2562\/revisions"}],"predecessor-version":[{"id":4151,"href":"https:\/\/hermanoseptimio-ers.infd.edu.ar\/sitio\/wp-json\/wp\/v2\/pages\/2562\/revisions\/4151"}],"wp:attachment":[{"href":"https:\/\/hermanoseptimio-ers.infd.edu.ar\/sitio\/wp-json\/wp\/v2\/media?parent=2562"}],"curies":[{"name":"wp","href":"https:\/\/api.w.org\/{rel}","templated":true}]}}