{"id":1629,"date":"2020-08-06T16:53:30","date_gmt":"2020-08-06T19:53:30","guid":{"rendered":"https:\/\/hermanoseptimio-ers.infd.edu.ar\/sitio\/?page_id=1629"},"modified":"2022-03-23T15:16:38","modified_gmt":"2022-03-23T18:16:38","slug":"que-nos-diferencia","status":"publish","type":"page","link":"https:\/\/hermanoseptimio-ers.infd.edu.ar\/sitio\/que-nos-diferencia\/","title":{"rendered":"\u00bfQu\u00e9 nos diferencia?"},"content":{"rendered":"\n<p><\/p>\n\n\n\n<div class=\"wp-block-columns is-layout-flex wp-container-2\">\n<div class=\"wp-block-column is-layout-flow\" style=\"flex-basis:100%\">\n<figure class=\"wp-block-embed is-type-rich is-provider-gestor-del-servicio wp-block-embed-gestor-del-servicio wp-embed-aspect-16-9 wp-has-aspect-ratio\"><div class=\"wp-block-embed__wrapper\">\n<iframe loading=\"lazy\" title=\"Trayectoria de calidad en Hermano Septimio\" width=\"1200\" height=\"675\" src=\"https:\/\/www.youtube.com\/embed\/VO71Vx66rQA?feature=oembed\" frameborder=\"0\" allow=\"accelerometer; autoplay; clipboard-write; encrypted-media; gyroscope; picture-in-picture\" allowfullscreen><\/iframe>\n<\/div><\/figure>\n<\/div>\n<\/div>\n\n\n\n<figure class=\"wp-block-video\"><video controls src=\"https:\/\/hermanoseptimio-ers.infd.edu.ar\/sitio\/wp-content\/uploads\/2020\/08\/Convertir-muestra-VID-20200730-WA0055.mp4\"><\/video><\/figure>\n\n\n\n<p><\/p>\n\n\n\n<figure class=\"wp-block-video\"><video controls src=\"https:\/\/hermanoseptimio-ers.infd.edu.ar\/sitio\/wp-content\/uploads\/2020\/10\/1.mp4\"><\/video><\/figure>\n\n\n\n<p><\/p>\n\n\n\n<div class=\"wp-block-group\"><div class=\"wp-block-group__inner-container is-layout-flow\">\n<figure class=\"wp-block-video aligncenter\"><video controls src=\"https:\/\/hermanoseptimio-ers.infd.edu.ar\/sitio\/wp-content\/uploads\/2020\/10\/2-2.mp4\"><\/video><\/figure>\n<\/div><\/div>\n\n\n\n<p><\/p>\n\n\n<h1>\u00a0<\/h1>\n<p>El Instituto Superior de Formaci\u00f3n Docente d-148 \u201cHermano Septimio\u201d ofrece una formaci\u00f3n <strong>HUMAN\u00cdSTICA-INTEGRAL<\/strong> que es propio de su ideario institucional desde hace m\u00e1s de 40 a\u00f1os\u2026<\/p>\n<p>La formaci\u00f3n human\u00edstica sit\u00faa al \u201chombre\u201d como valor principal de todo lo existente y, desde este lugar, propone y desarrolla las actividades en pos de proporcionar a sus estudiantes los elementos cognoscitivos indispensables para comprender mejor el mundo apropi\u00e1ndose de una educaci\u00f3n est\u00e9tica conjuntamente con la afinaci\u00f3n de la sensibilidad y la elevaci\u00f3n de las cualidades morales y \u00e9ticas.<\/p>\n<p>El humanismo es una concepci\u00f3n de car\u00e1cter integral, formada hist\u00f3ricamente, acerca del hombre y su realizaci\u00f3n, entendido \u00e9ste como totalidad, en todas las determinaciones de su ser, que aspira a potenciar las v\u00edas de su plena realizaci\u00f3n , en su historicidad, en su devenir, en su desarrollo , en su plenitud.<\/p>\n<p>La aspiraci\u00f3n m\u00e1xima del humanismo en la educaci\u00f3n es la <strong>formaci\u00f3n integral de la personalidad, del ser y su plena realizaci\u00f3n como ser humano <\/strong>y el cultivo de la sensibilidad para desarrollar sus verdaderas potencialidades creadoras. Que el estudiante pueda aprender a pensar, sentir, actuar y desarrollarse como persona.<\/p>\n<p>En su esencialidad la formaci\u00f3n human\u00edstica comprende la formaci\u00f3n en los estudiantes de un sistema de conocimientos, habilidades, valores, convicciones y sentimientos dirigidos a la integralidad del conocimiento, el cultivo de la sensibilidad y la espiritualidad, a la interpretaci\u00f3n y explicaci\u00f3n de los procesos hist\u00f3ricos, sociales y culturales relacionados con el hombre, as\u00ed como el desarrollo de un estilo de pensamiento y actuaci\u00f3n en funci\u00f3n de la transformaci\u00f3n de la realidad. Se basa en el conocimiento integral del ser humano y del mundo.<\/p>\n<p>Por tanto, la formaci\u00f3n human\u00edstica se encamina hacia la participaci\u00f3n activa de los estudiantes en sus aprendizajes, en los procesos de comunicaci\u00f3n y cooperaci\u00f3n a partir del trabajo en equipo, en el cual todos pueden aprender, al potenciar el desarrollo de un pensamiento cr\u00edtico y reflexivo que propicie el acercamiento cognitivo y afectivo con el objeto cognoscente para el desarrollo de determinadas conductas y actitudes.<\/p>\n<p>El isfd d-148 \u201cHermano Septimio\u201d ofrece el profesorado de educaci\u00f3n inicial y el profesorado de educaci\u00f3n primaria con una orientaci\u00f3n human\u00edstica-integral desde las bases que asienta con la formaci\u00f3n que ofrece en la preparaci\u00f3n de futuros docentes en donde no s\u00f3lo prevalezca lo acad\u00e9mico sino, tambi\u00e9n, la formaci\u00f3n de un sujeto integral con coherencia entre el pensar, el sentir y el actuar.<\/p>","protected":false},"excerpt":{"rendered":"<p>\u00a0 El Instituto Superior de Formaci\u00f3n Docente d-148 \u201cHermano Septimio\u201d ofrece una formaci\u00f3n HUMAN\u00cdSTICA-INTEGRAL que es propio de su ideario institucional desde hace m\u00e1s de 40 a\u00f1os\u2026 La formaci\u00f3n human\u00edstica sit\u00faa al \u201chombre\u201d como valor principal de todo lo existente y, desde este lugar, propone y desarrolla las actividades en pos de proporcionar a sus &#8230; <a title=\"\u00bfQu\u00e9 nos diferencia?\" class=\"read-more\" href=\"https:\/\/hermanoseptimio-ers.infd.edu.ar\/sitio\/que-nos-diferencia\/\" aria-label=\"More on \u00bfQu\u00e9 nos diferencia?\">[+]<\/a><\/p>\n","protected":false},"author":12,"featured_media":0,"parent":0,"menu_order":0,"comment_status":"closed","ping_status":"closed","template":"","meta":[],"acf":[],"_links":{"self":[{"href":"https:\/\/hermanoseptimio-ers.infd.edu.ar\/sitio\/wp-json\/wp\/v2\/pages\/1629"}],"collection":[{"href":"https:\/\/hermanoseptimio-ers.infd.edu.ar\/sitio\/wp-json\/wp\/v2\/pages"}],"about":[{"href":"https:\/\/hermanoseptimio-ers.infd.edu.ar\/sitio\/wp-json\/wp\/v2\/types\/page"}],"author":[{"embeddable":true,"href":"https:\/\/hermanoseptimio-ers.infd.edu.ar\/sitio\/wp-json\/wp\/v2\/users\/12"}],"replies":[{"embeddable":true,"href":"https:\/\/hermanoseptimio-ers.infd.edu.ar\/sitio\/wp-json\/wp\/v2\/comments?post=1629"}],"version-history":[{"count":8,"href":"https:\/\/hermanoseptimio-ers.infd.edu.ar\/sitio\/wp-json\/wp\/v2\/pages\/1629\/revisions"}],"predecessor-version":[{"id":3013,"href":"https:\/\/hermanoseptimio-ers.infd.edu.ar\/sitio\/wp-json\/wp\/v2\/pages\/1629\/revisions\/3013"}],"wp:attachment":[{"href":"https:\/\/hermanoseptimio-ers.infd.edu.ar\/sitio\/wp-json\/wp\/v2\/media?parent=1629"}],"curies":[{"name":"wp","href":"https:\/\/api.w.org\/{rel}","templated":true}]}}