{"id":1398,"date":"2020-03-17T23:31:21","date_gmt":"2020-03-18T02:31:21","guid":{"rendered":"https:\/\/hermanoseptimio-ers.infd.edu.ar\/sitio\/?page_id=1398"},"modified":"2026-03-11T20:36:49","modified_gmt":"2026-03-11T23:36:49","slug":"inscripciones","status":"publish","type":"page","link":"https:\/\/hermanoseptimio-ers.infd.edu.ar\/sitio\/inscripciones\/","title":{"rendered":"Inscripciones &#8211; Espacios curriculares"},"content":{"rendered":"<h4 style=\"text-align: left;\">Fechas:<\/h4>\n<p>7, 8, 9 Y 10 de marzo de 2026 (solo para 2do, 3ro, 4to a\u00f1o y recursantes de todos los a\u00f1os)<\/p>\n<p><a href=\"https:\/\/docs.google.com\/spreadsheets\/d\/176YQsa5i7RE6lA3_BOz0XsnC-dklXp0p\/edit?gid=1002708862#gid=1002708862\" target=\"_blank\" rel=\"noopener\">Horarios de cursado 2026<\/a><\/p>\n<hr \/>\n<h2 style=\"text-align: center;\"><span style=\"color: #ffffff;\">*******************<\/span><\/h2>\n<h2 style=\"text-align: center;\"><span style=\"color: #008000;\">Profesorado de Educaci\u00f3n Inicial<\/span><\/h2>\n<h6 style=\"text-align: center;\">-Accede al a\u00f1o de los espacios curriculares que deseas inscribirte-<\/h6>\n<div  class=\"lgc-column lgc-grid-parent lgc-grid-25 lgc-tablet-grid-25 lgc-mobile-grid-100 lgc-equal-heights \"><div  class=\"inside-grid-column\">\n<p><img decoding=\"async\" loading=\"lazy\" class=\"aligncenter wp-image-1405\" src=\"https:\/\/hermanoseptimio-ers.infd.edu.ar\/sitio\/wp-content\/uploads\/2020\/03\/1-a\u00f1o.png\" alt=\"\" width=\"139\" height=\"136\" \/><\/p>\n<p><\/p><\/div><\/div>\n<div  class=\"lgc-column lgc-grid-parent lgc-grid-25 lgc-tablet-grid-25 lgc-mobile-grid-100 lgc-equal-heights \"><div  class=\"inside-grid-column\">\n<p><img decoding=\"async\" loading=\"lazy\" class=\"aligncenter wp-image-1406\" src=\"https:\/\/hermanoseptimio-ers.infd.edu.ar\/sitio\/wp-content\/uploads\/2020\/03\/2-a\u00f1o.png\" alt=\"\" width=\"139\" height=\"135\" \/><\/p>\n<p><\/p><\/div><\/div>\n<div  class=\"lgc-column lgc-grid-parent lgc-grid-25 lgc-tablet-grid-25 lgc-mobile-grid-100 lgc-equal-heights \"><div  class=\"inside-grid-column\">\n<p><img decoding=\"async\" loading=\"lazy\" class=\"aligncenter wp-image-1407\" src=\"https:\/\/hermanoseptimio-ers.infd.edu.ar\/sitio\/wp-content\/uploads\/2020\/03\/3-a\u00f1o.png\" alt=\"\" width=\"139\" height=\"136\" \/><\/p>\n<p><\/p><\/div><\/div>\n<div  class=\"lgc-column lgc-grid-parent lgc-grid-25 lgc-tablet-grid-25 lgc-mobile-grid-100 lgc-equal-heights \"><div  class=\"inside-grid-column\">\n<p><img decoding=\"async\" loading=\"lazy\" class=\"aligncenter wp-image-1408\" src=\"https:\/\/hermanoseptimio-ers.infd.edu.ar\/sitio\/wp-content\/uploads\/2020\/03\/4-a\u00f1o.png\" alt=\"\" width=\"139\" height=\"135\" \/><\/p>\n<p><\/p><\/div><\/div>\n<hr \/>\n<h2 style=\"text-align: center;\"><span style=\"color: #ffffff;\">**************************<\/span><\/h2>\n<h2 style=\"text-align: center;\"><span style=\"color: #008000;\">Profesorado de Educaci\u00f3n Primaria<\/span><\/h2>\n<h6 style=\"text-align: center;\">-Accede al a\u00f1o de los espacios curriculares que deseas inscribirte-<\/h6>\n<div  class=\"lgc-column lgc-grid-parent lgc-grid-25 lgc-tablet-grid-25 lgc-mobile-grid-100 lgc-equal-heights \"><div  class=\"inside-grid-column\">\n<p><img decoding=\"async\" loading=\"lazy\" class=\"aligncenter wp-image-1406\" src=\"https:\/\/hermanoseptimio-ers.infd.edu.ar\/sitio\/wp-content\/uploads\/2020\/03\/2-a\u00f1o.png\" alt=\"\" width=\"139\" height=\"136\" \/><\/p>\n<p><\/p><\/div><\/div>\n<div  class=\"lgc-column lgc-grid-parent lgc-grid-25 lgc-tablet-grid-25 lgc-mobile-grid-100 lgc-equal-heights \"><div  class=\"inside-grid-column\">\n<p><img decoding=\"async\" loading=\"lazy\" class=\"aligncenter wp-image-1407\" src=\"https:\/\/hermanoseptimio-ers.infd.edu.ar\/sitio\/wp-content\/uploads\/2020\/03\/3-a\u00f1o.png\" alt=\"\" width=\"139\" height=\"136\" \/><\/p>\n<p><\/p><\/div><\/div>\n<div  class=\"lgc-column lgc-grid-parent lgc-grid-25 lgc-tablet-grid-25 lgc-mobile-grid-100 lgc-equal-heights \"><div  class=\"inside-grid-column\">\n<p><img decoding=\"async\" loading=\"lazy\" class=\"aligncenter wp-image-1408\" src=\"https:\/\/hermanoseptimio-ers.infd.edu.ar\/sitio\/wp-content\/uploads\/2020\/03\/4-a\u00f1o.png\" alt=\"\" width=\"139\" height=\"136\" \/><\/p>\n<p><\/p><\/div><\/div>\n","protected":false},"excerpt":{"rendered":"<p>Fechas: 7, 8, 9 Y 10 de marzo de 2026 (solo para 2do, 3ro, 4to a\u00f1o y recursantes de todos los a\u00f1os) Horarios de cursado 2026 ******************* Profesorado de Educaci\u00f3n Inicial -Accede al a\u00f1o de los espacios curriculares que deseas inscribirte- ************************** Profesorado de Educaci\u00f3n Primaria -Accede al a\u00f1o de los espacios curriculares que deseas &#8230; <a title=\"Inscripciones &#8211; Espacios curriculares\" class=\"read-more\" href=\"https:\/\/hermanoseptimio-ers.infd.edu.ar\/sitio\/inscripciones\/\" aria-label=\"More on Inscripciones &#8211; Espacios curriculares\">[+]<\/a><\/p>\n","protected":false},"author":12,"featured_media":0,"parent":0,"menu_order":0,"comment_status":"closed","ping_status":"closed","template":"","meta":[],"acf":[],"_links":{"self":[{"href":"https:\/\/hermanoseptimio-ers.infd.edu.ar\/sitio\/wp-json\/wp\/v2\/pages\/1398"}],"collection":[{"href":"https:\/\/hermanoseptimio-ers.infd.edu.ar\/sitio\/wp-json\/wp\/v2\/pages"}],"about":[{"href":"https:\/\/hermanoseptimio-ers.infd.edu.ar\/sitio\/wp-json\/wp\/v2\/types\/page"}],"author":[{"embeddable":true,"href":"https:\/\/hermanoseptimio-ers.infd.edu.ar\/sitio\/wp-json\/wp\/v2\/users\/12"}],"replies":[{"embeddable":true,"href":"https:\/\/hermanoseptimio-ers.infd.edu.ar\/sitio\/wp-json\/wp\/v2\/comments?post=1398"}],"version-history":[{"count":74,"href":"https:\/\/hermanoseptimio-ers.infd.edu.ar\/sitio\/wp-json\/wp\/v2\/pages\/1398\/revisions"}],"predecessor-version":[{"id":4237,"href":"https:\/\/hermanoseptimio-ers.infd.edu.ar\/sitio\/wp-json\/wp\/v2\/pages\/1398\/revisions\/4237"}],"wp:attachment":[{"href":"https:\/\/hermanoseptimio-ers.infd.edu.ar\/sitio\/wp-json\/wp\/v2\/media?parent=1398"}],"curies":[{"name":"wp","href":"https:\/\/api.w.org\/{rel}","templated":true}]}}