{"id":1280,"date":"2020-03-10T14:42:16","date_gmt":"2020-03-10T17:42:16","guid":{"rendered":"https:\/\/hermanoseptimio-ers.infd.edu.ar\/sitio\/?page_id=1280"},"modified":"2025-05-19T10:23:09","modified_gmt":"2025-05-19T13:23:09","slug":"profesorado-de-educacion-inicial","status":"publish","type":"page","link":"https:\/\/hermanoseptimio-ers.infd.edu.ar\/sitio\/profesorado-de-educacion-inicial\/","title":{"rendered":"Profesorado de Educaci\u00f3n Inicial"},"content":{"rendered":"<h1>Profesorado de Educaci\u00f3n Inicial<\/h1>\n<h3 style=\"text-align: left;\">Condiciones de ingreso:<\/h3>\n<p>Certificado de finalizaci\u00f3n y aprobaci\u00f3n de estudios correspondientes al Nivel Secundario.<\/p>\n<h3 style=\"text-align: left;\">Perfil del egresado:<\/h3>\n<p style=\"text-align: left;\">La construcci\u00f3n de un dise\u00f1o curricular para la formaci\u00f3n docente inicial, nos posibilita resignificar la tarea docente, de manera tal de pensarla y concebirla como una pr\u00e1ctica reflexiva y critica.<\/p>\n<p>En este sentido pretendemos que el egresado del Profesorado en Educaci\u00f3n Inicial sea un docente comprometido \u00e9tico y pol\u00edticamente con los procesos culturales, sociales, est\u00e9ticos de la sociedad en la que vive. Por lo expuesto se aspira a formar un docente con capacidad de:<\/p>\n<ul>\n<li>Asumirse como sujeto aut\u00f3nomo, creativo, con responsabilidad profesional para la toma de decisiones.<\/li>\n<li>Contextualizar las intervenciones de ense\u00f1anza en pos de encontrar diferentes y mejores formas de posibilitar los aprendizajes de los ni\u00f1os y ni\u00f1as, apoyando procesos democr\u00e1ticos al interior de las instituciones educativas y de las salas.<\/li>\n<li>Posicionarse comprometidamente en la configuraci\u00f3n y consolidaci\u00f3n de su identidad como profesional docente.<\/li>\n<\/ul>\n<h3 style=\"text-align: left;\">Prop\u00f3sitos de la Formaci\u00f3n Docente Inicial:<\/h3>\n<ul>\n<li>Promover una formaci\u00f3n human\u00edstica desde una concepci\u00f3n integral, entendiendo este aspecto como la coherencia entre el pensar, el sentir y el actuar.<\/li>\n<li>Reconocer la capacidad creadora innata del ser humano y potenciarla para formar educadores reflexivos, aut\u00f3nomos, cr\u00edticos, desde la construcci\u00f3n positiva de realidades contextuales diversas.<\/li>\n<li>Desarrollar el autoconocimiento del estudiante para que, a trav\u00e9s de la gesti\u00f3n adecuada de sus emociones, pueda formarse como un educador promotor de la integralidad en sus contextos.<\/li>\n<li>Garantizar el conocimiento pedag\u00f3gico &#8211; did\u00e1ctico necesario para incidir en la formaci\u00f3n de los sujetos de aprendizaje del Jard\u00edn Maternal y del Jard\u00edn de Infantes, como tambi\u00e9n de otros \u00e1mbitos institucionales.<\/li>\n<li>Reflexionar y comprender las m\u00faltiples dimensiones sociopol\u00edticas, hist\u00e9rico-culturales, pedag\u00f3gicas, metodol\u00f3gicas y disciplinares, para el desarrollo de pr\u00e1cticas educativas transformadoras del propio sujeto, del otro y del contexto en que se act\u00faa, dando lugar a pr\u00e1cticas docentes significativas.<\/li>\n<li>Propiciar la integraci\u00f3n entre los contenidos de las diferentes unidades curriculares, posibilitando la reflexi\u00f3n sobre la forma de pensar la ense\u00f1anza, los modos de dialogar y ejercer la autoridad pedag\u00f3gica.<\/li>\n<li>Promover la construcci\u00f3n de una identidad docente basada en la autonom\u00eda para la toma de decisiones en la participaci\u00f3n en com\u00fan, el ejercicio \u00e9tico-reflexivo y cr\u00edtico de la docencia propiciando la formaci\u00f3n integral de las ni\u00f1as y ni\u00f1os.<\/li>\n<li>Promover la capacidad para coordinar situaciones de ense\u00f1anza de los contenidos integrando el an\u00e1lisis de los contextos sociopol\u00edtico, sociocultural y socioling\u00fc\u00edstico. Facilitar la selecci\u00f3n y uso de nuevas tecnolog\u00edas de manera contextualizada y reflexiva. Favorecer y generar el trabajo colectivo-colaborativo para la elaboraci\u00f3n, desarrollo y evaluaci\u00f3n de proyectos institucionales compartidos.<\/li>\n<li>Comprender la vida escolar como parte de la realidad social, facilitando la construcci\u00f3n de la subjetividad e identidad de los sujetos en relaci\u00f3n con sus realidades hist\u00f3ricas, regionales, culturales y ambientales.<\/li>\n<li>Participar en la reflexi\u00f3n y construcci\u00f3n colectiva de los conocimientos, recuperando el sentido est\u00e9tico y complejo de la ense\u00f1anza.<\/li>\n<li>Pensar la pr\u00e1ctica docente como un trabajo en equipo que permita elaborar y desarrollar proyectos institucionales y de intercambio con otras instituciones del contexto.<\/li>\n<li>Articular la formaci\u00f3n inicial de profesores con la Educaci\u00f3n. Inicial, fortaleciendo el v\u00ednculo con las escuelas asociadas y con otras instituciones y organizaciones sociales; reconociendo y valorando el aporte que hacen a la formaci\u00f3n docente inicial.<\/li>\n<li>Contribuir a la construcci\u00f3n de marcos te\u00f3ricos -pedag\u00f3gicos, disciplinares y did\u00e1cticos-que fundamenten los procesos de transmisi\u00f3n y constituyan referentes valiosos para interpelar, revisar y mejorar las pr\u00e1cticas de ense\u00f1anza.<\/li>\n<\/ul>\n<h3 style=\"text-align: left;\">Campo ocupacional:<\/h3>\n<p>El profesor de Educaci\u00f3n Inicial podr\u00e1 dise\u00f1ar, desarrollar y evaluar procesos de ense\u00f1anza para la Educaci\u00f3n Inicial en sus diferentes modalidades; participar en la elaboraci\u00f3n y evaluaci\u00f3n de planes, programas y proyectos en instituciones formales y no formales.<\/p>\n<h3 style=\"text-align: left;\">Plan de Estudio\u00a0<strong>(Res. 4165\/14 CGE):<\/strong><\/h3>\n<div  class=\"lgc-column lgc-grid-parent lgc-grid-50 lgc-tablet-grid-50 lgc-mobile-grid-50 lgc-equal-heights \"><div  class=\"inside-grid-column\"> <strong><u>PRIMER A\u00d1O<\/u><\/strong> Pedagog\u00eda Corporeidad, Juegos y Lenguajes Art\u00edsticos Oralidad, Lectura, Escritura y TIC Did\u00e1ctica General Lengua, Literatura y su Did\u00e1ctica I Matem\u00e1ticas y su Did\u00e1ctica I Ciencias Sociales y su Did\u00e1ctica I Ciencias Naturales y su Did\u00e1ctica Pr\u00e1ctica Docente I: Sujetos y contextos. Aproximaci\u00f3n a la pr\u00e1ctica educativa UDI: Teor\u00edas de las Religiones I <\/div><\/div> <div  class=\"lgc-column lgc-grid-parent lgc-grid-50 lgc-tablet-grid-50 lgc-mobile-grid-50 lgc-equal-heights \"><div  class=\"inside-grid-column\"> <strong><u>SEGUNDO A\u00d1O<\/u><\/strong> Psicolog\u00eda Educacional Historia Social, Pol\u00edtica Argentina y Latinoamericana Filosof\u00eda Lengua, Literatura y su Did\u00e1ctica II Ciencias Sociales y su Did\u00e1ctica II Matem\u00e1ticas y su Did\u00e1ctica II Ciencias Naturales, Tecnolog\u00eda y sus Did\u00e1cticas Sujetos de la Educaci\u00f3n Inicial Educaci\u00f3n F\u00edsica y su Did\u00e1ctica Pr\u00e1ctica Docente II: Educaci\u00f3n Inicial y Pr\u00e1ctica Docente <\/div><\/div> <div  class=\"lgc-column lgc-grid-parent lgc-grid-50 lgc-tablet-grid-50 lgc-mobile-grid-50 lgc-equal-heights \"><div  class=\"inside-grid-column\"> <strong><u>TERCER A\u00d1O<\/u><\/strong> Sociolog\u00eda de la Educaci\u00f3n Historia de la Educaci\u00f3n Argentina Derechos Humanos, \u00c9tica y Ciudadan\u00eda Juegos y Producci\u00f3n de Materiales Alfabetizaci\u00f3n en la Educaci\u00f3n Inicial TIC y Educaci\u00f3n Inicial Lenguajes Art\u00edsticos I y II Pr\u00e1ctica Docente III: Cotidianeidades en las salas, experiencias de formaci\u00f3n UDI: Teor\u00eda de las Religiones <\/div><\/div> <div  class=\"lgc-column lgc-grid-parent lgc-grid-50 lgc-tablet-grid-50 lgc-mobile-grid-50 lgc-equal-heights \"><div  class=\"inside-grid-column\"> <strong><u>CUARTO A\u00d1O<\/u><\/strong> An\u00e1lisis y Organizaci\u00f3n de las Instituciones Educativas Educaci\u00f3n Sexual Integral Taller interdisciplinario: Problem\u00e1ticas Transversales Problem\u00e1ticas Contempor\u00e1neas en la Educaci\u00f3n Inicial Educaci\u00f3n Temprana Pr\u00e1ctica Docente IV: Escenas Educativas y trayectoria de formaci\u00f3n UDI: Teor\u00edas de las Religiones Espacio Curricular Institucional: Educaci\u00f3n Inicial y Pr\u00e1ctica Docente <\/div><\/div> <div  class=\"lgc-column lgc-grid-parent lgc-grid-50 lgc-tablet-grid-50 lgc-mobile-grid-50 lgc-equal-heights \"><div  class=\"inside-grid-column\"> <strong><u>Otros espacios formativos ofrecidos:<\/u><\/strong>\n<ul>\n<li>Taller de Educaci\u00f3n Emocional<\/li>\n<li>Taller de RCP y primeros auxilios<\/li>\n<li>Taller de T\u00edteres<\/li>\n<\/ul>\n<p><\/p><\/div><\/div> <strong>\u00a0<\/strong><\/p>\n<h1 style=\"text-align: center;\">Resoluciones<\/h1>\n<ul>\n<li style=\"list-style-type: none\">\n<ul>\n<li><a href=\"https:\/\/des-ers.infd.edu.ar\/sitio\/formacion-docente\/upload\/4165-14_CGE_Dise%F1o_Curricular_para_la_Formaci%F3n_Docente_de_Educaci%F3n_Inicial.pdf\" target=\"_blank\" rel=\"noopener\">Dise\u00f1o Curricular para la Formaci\u00f3n Docente de Educaci\u00f3n Inicial (4165-14 CGE)<\/a><\/li>\n<li><a href=\"https:\/\/itsmariagrande-ers.infd.edu.ar\/sitio\/wp-content\/uploads\/2019\/12\/2019-4967-RAM-CGE.pdf\" target=\"_blank\" rel=\"noopener\">Nuevo R\u00e9gimen Acad\u00e9mico Marco<\/a><\/li>\n<\/ul>\n<\/li>\n<\/ul>\n<p>&nbsp;<\/p>\n","protected":false},"excerpt":{"rendered":"<p>Profesorado de Educaci\u00f3n Inicial Condiciones de ingreso: Certificado de finalizaci\u00f3n y aprobaci\u00f3n de estudios correspondientes al Nivel Secundario. Perfil del egresado: La construcci\u00f3n de un dise\u00f1o curricular para la formaci\u00f3n docente inicial, nos posibilita resignificar la tarea docente, de manera tal de pensarla y concebirla como una pr\u00e1ctica reflexiva y critica. En este sentido pretendemos &#8230; <a title=\"Profesorado de Educaci\u00f3n Inicial\" class=\"read-more\" href=\"https:\/\/hermanoseptimio-ers.infd.edu.ar\/sitio\/profesorado-de-educacion-inicial\/\" aria-label=\"More on Profesorado de Educaci\u00f3n Inicial\">[+]<\/a><\/p>\n","protected":false},"author":12,"featured_media":0,"parent":0,"menu_order":0,"comment_status":"closed","ping_status":"closed","template":"","meta":[],"acf":[],"_links":{"self":[{"href":"https:\/\/hermanoseptimio-ers.infd.edu.ar\/sitio\/wp-json\/wp\/v2\/pages\/1280"}],"collection":[{"href":"https:\/\/hermanoseptimio-ers.infd.edu.ar\/sitio\/wp-json\/wp\/v2\/pages"}],"about":[{"href":"https:\/\/hermanoseptimio-ers.infd.edu.ar\/sitio\/wp-json\/wp\/v2\/types\/page"}],"author":[{"embeddable":true,"href":"https:\/\/hermanoseptimio-ers.infd.edu.ar\/sitio\/wp-json\/wp\/v2\/users\/12"}],"replies":[{"embeddable":true,"href":"https:\/\/hermanoseptimio-ers.infd.edu.ar\/sitio\/wp-json\/wp\/v2\/comments?post=1280"}],"version-history":[{"count":26,"href":"https:\/\/hermanoseptimio-ers.infd.edu.ar\/sitio\/wp-json\/wp\/v2\/pages\/1280\/revisions"}],"predecessor-version":[{"id":4091,"href":"https:\/\/hermanoseptimio-ers.infd.edu.ar\/sitio\/wp-json\/wp\/v2\/pages\/1280\/revisions\/4091"}],"wp:attachment":[{"href":"https:\/\/hermanoseptimio-ers.infd.edu.ar\/sitio\/wp-json\/wp\/v2\/media?parent=1280"}],"curies":[{"name":"wp","href":"https:\/\/api.w.org\/{rel}","templated":true}]}}